{"id":122,"date":"2023-03-21T16:48:50","date_gmt":"2023-03-21T20:48:50","guid":{"rendered":"https:\/\/ppgsf.ufms.br\/?page_id=122"},"modified":"2026-04-30T14:25:46","modified_gmt":"2026-04-30T18:25:46","slug":"grupos-de-pesquisa","status":"publish","type":"page","link":"https:\/\/ppgsf.ufms.br\/en\/pesquisa__trashed\/grupos-de-pesquisa\/","title":{"rendered":"Grupos de Pesquisa"},"content":{"rendered":"<h4 class=\"big_title\">Avalia\u00e7\u00e3o de Pol\u00edticas P\u00fablicas em Aten\u00e7\u00e3o Prim\u00e1ria \u00e0 Sa\u00fade<\/h4>\n<ul>\n<li><a href=\"http:\/\/dgp.cnpq.br\/dgp\/espelhogrupo\/5770874478865242\">Nutri\u00e7\u00e3o em Sa\u00fade Coletiva<\/a><\/li>\n<li><a href=\"http:\/\/dgp.cnpq.br\/dgp\/espelhogrupo\/8989381208799878\">Grupo Interdisciplinar de Pesquisas com Pessoas e Comunidades em Situa\u00e7\u00e3o de Vulnerabilidade<\/a><\/li>\n<li><a href=\"http:\/\/dgp.cnpq.br\/dgp\/espelhogrupo\/7814796137162738\">N\u00facleo de Estudo e Observa\u00e7\u00e3o em Forma\u00e7\u00e3o e Cuidado em Sa\u00fade<\/a><\/li>\n<\/ul>\n<h4 class=\"big_title\">Diagn\u00f3sticos Locais e Aten\u00e7\u00e3o \u00e0 Sa\u00fade da Fam\u00edlia<\/h4>\n<ul>\n<li><a href=\"http:\/\/dgp.cnpq.br\/dgp\/espelhogrupo\/5501930414669717\">N\u00facleo de Estudo e Pesquisa em Sa\u00fade Mental e em Condi\u00e7\u00f5es Cr\u00f4nicas &#8211; NEPSMCC<\/a><\/li>\n<li><a href=\"http:\/\/dgp.cnpq.br\/dgp\/espelhogrupo\/6906255914413645\">Observat\u00f3rio de Condi\u00e7\u00f5es Cr\u00f4nicas e Alimenta\u00e7\u00e3o (OCCA)<\/a><\/li>\n<li><a href=\"http:\/\/dgp.cnpq.br\/dgp\/espelhogrupo\/2563417496193747\">Grupo de estudos em Papilomav\u00edrus humano no Mato Grosso do Sul<\/a><\/li>\n<\/ul>\n","protected":false},"excerpt":{"rendered":"<p>Avalia\u00e7\u00e3o de Pol\u00edticas P\u00fablicas em Aten\u00e7\u00e3o Prim\u00e1ria \u00e0 Sa\u00fade Nutri\u00e7\u00e3o em Sa\u00fade Coletiva Grupo Interdisciplinar de Pesquisas com Pessoas e Comunidades em Situa\u00e7\u00e3o de Vulnerabilidade N\u00facleo de Estudo e Observa\u00e7\u00e3o em Forma\u00e7\u00e3o e Cuidado em Sa\u00fade Diagn\u00f3sticos Locais e Aten\u00e7\u00e3o \u00e0 Sa\u00fade da Fam\u00edlia N\u00facleo de Estudo e Pesquisa em Sa\u00fade Mental e em Condi\u00e7\u00f5es [&hellip;]<\/p>\n","protected":false},"author":1485,"featured_media":0,"parent":2068,"menu_order":0,"comment_status":"closed","ping_status":"closed","template":"","meta":{"footnotes":""},"coauthors":[8],"class_list":["post-122","page","type-page","status-publish","hentry"],"_links":{"self":[{"href":"https:\/\/ppgsf.ufms.br\/en\/wp-json\/wp\/v2\/pages\/122","targetHints":{"allow":["GET"]}}],"collection":[{"href":"https:\/\/ppgsf.ufms.br\/en\/wp-json\/wp\/v2\/pages"}],"about":[{"href":"https:\/\/ppgsf.ufms.br\/en\/wp-json\/wp\/v2\/types\/page"}],"author":[{"embeddable":true,"href":"https:\/\/ppgsf.ufms.br\/en\/wp-json\/wp\/v2\/users\/1485"}],"replies":[{"embeddable":true,"href":"https:\/\/ppgsf.ufms.br\/en\/wp-json\/wp\/v2\/comments?post=122"}],"version-history":[{"count":12,"href":"https:\/\/ppgsf.ufms.br\/en\/wp-json\/wp\/v2\/pages\/122\/revisions"}],"predecessor-version":[{"id":1583,"href":"https:\/\/ppgsf.ufms.br\/en\/wp-json\/wp\/v2\/pages\/122\/revisions\/1583"}],"up":[{"embeddable":true,"href":"https:\/\/ppgsf.ufms.br\/en\/wp-json\/wp\/v2\/pages\/2068"}],"wp:attachment":[{"href":"https:\/\/ppgsf.ufms.br\/en\/wp-json\/wp\/v2\/media?parent=122"}],"wp:term":[{"taxonomy":"author","embeddable":true,"href":"https:\/\/ppgsf.ufms.br\/en\/wp-json\/wp\/v2\/coauthors?post=122"}],"curies":[{"name":"wp","href":"https:\/\/api.w.org\/{rel}","templated":true}]}}