{"id":124,"date":"2023-03-21T16:49:24","date_gmt":"2023-03-21T20:49:24","guid":{"rendered":"https:\/\/ppgsf.ufms.br\/?page_id=124"},"modified":"2026-04-30T14:24:40","modified_gmt":"2026-04-30T18:24:40","slug":"diagnosticos-locais-e-atencao-a-saude-da-familia","status":"publish","type":"page","link":"https:\/\/ppgsf.ufms.br\/en\/pesquisa__trashed\/linhas-de-pesquisa__trashed\/diagnosticos-locais-e-atencao-a-saude-da-familia\/","title":{"rendered":"Diagn\u00f3sticos Locais e Aten\u00e7\u00e3o \u00e0 Sa\u00fade da Fam\u00edlia"},"content":{"rendered":"<ul>\n<li><strong>Diagn\u00f3sticos Locais e Aten\u00e7\u00e3o \u00e0 Sa\u00fade da Fam\u00edlia<\/strong>: contempla a aplica\u00e7\u00e3o de ferramentas anal\u00edticas para identifica\u00e7\u00e3o das necessidades e demandas relacionadas as condi\u00e7\u00f5es de vida e sa\u00fade da popula\u00e7\u00e3o no \u00e2mbito da APS\/ESF. Analisa as pr\u00e1ticas de cuidado e interven\u00e7\u00f5es desenvolvidas, incluindo o uso dos servi\u00e7os, a situa\u00e7\u00e3o de sa\u00fade da comunidade e os determinantes sociais que influenciam o processo de sa\u00fade e doen\u00e7a. Abrange estudos sobre a resolutividade de pr\u00e1ticas de sa\u00fade e o conjunto de conhecimentos envolvidos na formula\u00e7\u00e3o e reorganiza\u00e7\u00e3o dos modelos, tecnologias e pr\u00e1ticas de aten\u00e7\u00e3o \u00e0 sa\u00fade que fortale\u00e7am as pr\u00e1ticas na APS\/ESF.<\/li>\n<\/ul>\n<p>&nbsp;<\/p>\n<p style=\"padding-left: 40px\">Dr\u00aa. Bianca Cristina Ciccone Giacon Arruda<\/p>\n<p style=\"padding-left: 40px\">Dr\u00aa. Bruna Paola Murino Rafacho (Respons\u00e1vel pela linha de pesquisa)<\/p>\n<p style=\"padding-left: 40px\">Dr\u00aa. Cacilda Tezelli Junqueira Padovani<\/p>\n<p style=\"padding-left: 40px\">Dr\u00aa. Camila Medeiros da Silva Mazzeti<\/p>\n<p style=\"padding-left: 40px\">Dr\u00aa. Elenir Rose Jardim Cury<\/p>\n<p style=\"padding-left: 40px\">Dr\u00aa. Juliana Arena Galhardo<\/p>\n<p style=\"padding-left: 40px\">Dr\u00aa. Priscila Maria Marcheti Fiorin<\/p>\n","protected":false},"excerpt":{"rendered":"<p>Diagn\u00f3sticos Locais e Aten\u00e7\u00e3o \u00e0 Sa\u00fade da Fam\u00edlia: contempla a aplica\u00e7\u00e3o de ferramentas anal\u00edticas para identifica\u00e7\u00e3o das necessidades e demandas relacionadas as condi\u00e7\u00f5es de vida e sa\u00fade da popula\u00e7\u00e3o no \u00e2mbito da APS\/ESF. Analisa as pr\u00e1ticas de cuidado e interven\u00e7\u00f5es desenvolvidas, incluindo o uso dos servi\u00e7os, a situa\u00e7\u00e3o de sa\u00fade da comunidade e os determinantes [&hellip;]<\/p>\n","protected":false},"author":1485,"featured_media":0,"parent":2070,"menu_order":0,"comment_status":"closed","ping_status":"closed","template":"","meta":{"footnotes":""},"coauthors":[8],"class_list":["post-124","page","type-page","status-publish","hentry"],"_links":{"self":[{"href":"https:\/\/ppgsf.ufms.br\/en\/wp-json\/wp\/v2\/pages\/124","targetHints":{"allow":["GET"]}}],"collection":[{"href":"https:\/\/ppgsf.ufms.br\/en\/wp-json\/wp\/v2\/pages"}],"about":[{"href":"https:\/\/ppgsf.ufms.br\/en\/wp-json\/wp\/v2\/types\/page"}],"author":[{"embeddable":true,"href":"https:\/\/ppgsf.ufms.br\/en\/wp-json\/wp\/v2\/users\/1485"}],"replies":[{"embeddable":true,"href":"https:\/\/ppgsf.ufms.br\/en\/wp-json\/wp\/v2\/comments?post=124"}],"version-history":[{"count":11,"href":"https:\/\/ppgsf.ufms.br\/en\/wp-json\/wp\/v2\/pages\/124\/revisions"}],"predecessor-version":[{"id":1707,"href":"https:\/\/ppgsf.ufms.br\/en\/wp-json\/wp\/v2\/pages\/124\/revisions\/1707"}],"up":[{"embeddable":true,"href":"https:\/\/ppgsf.ufms.br\/en\/wp-json\/wp\/v2\/pages\/2070"}],"wp:attachment":[{"href":"https:\/\/ppgsf.ufms.br\/en\/wp-json\/wp\/v2\/media?parent=124"}],"wp:term":[{"taxonomy":"author","embeddable":true,"href":"https:\/\/ppgsf.ufms.br\/en\/wp-json\/wp\/v2\/coauthors?post=124"}],"curies":[{"name":"wp","href":"https:\/\/api.w.org\/{rel}","templated":true}]}}