{"id":126,"date":"2023-03-21T16:49:37","date_gmt":"2023-03-21T20:49:37","guid":{"rendered":"https:\/\/ppgsf.ufms.br\/?page_id=126"},"modified":"2026-04-30T14:24:37","modified_gmt":"2026-04-30T18:24:37","slug":"avaliacao-de-politicas-publicas-em-atencao-primaria-a-saude","status":"publish","type":"page","link":"https:\/\/ppgsf.ufms.br\/en\/pesquisa__trashed\/linhas-de-pesquisa__trashed\/avaliacao-de-politicas-publicas-em-atencao-primaria-a-saude\/","title":{"rendered":"Avalia\u00e7\u00e3o de Pol\u00edticas P\u00fablicas em Aten\u00e7\u00e3o Prim\u00e1ria \u00e0 Sa\u00fade"},"content":{"rendered":"<ul>\n<li><strong>Avalia\u00e7\u00e3o de Pol\u00edticas P\u00fablicas em Aten\u00e7\u00e3o Prim\u00e1ria \u00e0 Sa\u00fade<\/strong>: contempla a produ\u00e7\u00e3o de saberes e pr\u00e1ticas avaliativas destinadas a analisar como pol\u00edticas, programas e modelos interdisciplinares contribuem para a preven\u00e7\u00e3o de doen\u00e7as e a promo\u00e7\u00e3o da sa\u00fade da popula\u00e7\u00e3o, tendo como foco a Aten\u00e7\u00e3o Prim\u00e1ria \u00e0 Sa\u00fade e a Estrat\u00e9gia Sa\u00fade da Fam\u00edlia (APS\/ESF). Integra abordagens interdisciplinares para a an\u00e1lise de processos, resultados, indicadores, resolutividade e\/ou impactos de pol\u00edticas p\u00fablicas e a\u00e7\u00f5es de gest\u00e3o que fortale\u00e7am as pr\u00e1ticas na APS\/ESF.<\/li>\n<\/ul>\n<p>&nbsp;<\/p>\n<p style=\"padding-left: 40px\">Dr\u00aa. Adriane Pires Batiston (Respons\u00e1vel pela linha de pesquisa)<\/p>\n<p style=\"padding-left: 40px\">Dr. Alessandro Diogo de Carli<\/p>\n<p style=\"padding-left: 40px\">Dr\u00aa. Ana Tereza Gomes Guerrero<\/p>\n<p style=\"padding-left: 40px\">Dr\u00aa. Andr\u00e9ia Insabralde de Queiroz Cardoso<\/p>\n<p style=\"padding-left: 40px\">Dr. Arthur de Almeida Medeiros<\/p>\n<p style=\"padding-left: 40px\">Dr\u00aa. Mara Lisiane de Moraes dos Santos<\/p>\n<p style=\"padding-left: 40px\">Dr. Nathan Aratani<\/p>\n<p style=\"padding-left: 40px\">Dr\u00aa. Osvaldinete Lopes de Oliveira Silva<\/p>\n<p style=\"padding-left: 40px\">Dr. Rafael Aiello Bomfim<\/p>\n<p style=\"padding-left: 40px\">Dr\u00aa. Sonia Maria Oliveira de Andrade<\/p>\n","protected":false},"excerpt":{"rendered":"<p>Avalia\u00e7\u00e3o de Pol\u00edticas P\u00fablicas em Aten\u00e7\u00e3o Prim\u00e1ria \u00e0 Sa\u00fade: contempla a produ\u00e7\u00e3o de saberes e pr\u00e1ticas avaliativas destinadas a analisar como pol\u00edticas, programas e modelos interdisciplinares contribuem para a preven\u00e7\u00e3o de doen\u00e7as e a promo\u00e7\u00e3o da sa\u00fade da popula\u00e7\u00e3o, tendo como foco a Aten\u00e7\u00e3o Prim\u00e1ria \u00e0 Sa\u00fade e a Estrat\u00e9gia Sa\u00fade da Fam\u00edlia (APS\/ESF). Integra [&hellip;]<\/p>\n","protected":false},"author":1485,"featured_media":0,"parent":2070,"menu_order":0,"comment_status":"closed","ping_status":"closed","template":"","meta":{"footnotes":""},"coauthors":[8],"class_list":["post-126","page","type-page","status-publish","hentry"],"_links":{"self":[{"href":"https:\/\/ppgsf.ufms.br\/en\/wp-json\/wp\/v2\/pages\/126","targetHints":{"allow":["GET"]}}],"collection":[{"href":"https:\/\/ppgsf.ufms.br\/en\/wp-json\/wp\/v2\/pages"}],"about":[{"href":"https:\/\/ppgsf.ufms.br\/en\/wp-json\/wp\/v2\/types\/page"}],"author":[{"embeddable":true,"href":"https:\/\/ppgsf.ufms.br\/en\/wp-json\/wp\/v2\/users\/1485"}],"replies":[{"embeddable":true,"href":"https:\/\/ppgsf.ufms.br\/en\/wp-json\/wp\/v2\/comments?post=126"}],"version-history":[{"count":9,"href":"https:\/\/ppgsf.ufms.br\/en\/wp-json\/wp\/v2\/pages\/126\/revisions"}],"predecessor-version":[{"id":1708,"href":"https:\/\/ppgsf.ufms.br\/en\/wp-json\/wp\/v2\/pages\/126\/revisions\/1708"}],"up":[{"embeddable":true,"href":"https:\/\/ppgsf.ufms.br\/en\/wp-json\/wp\/v2\/pages\/2070"}],"wp:attachment":[{"href":"https:\/\/ppgsf.ufms.br\/en\/wp-json\/wp\/v2\/media?parent=126"}],"wp:term":[{"taxonomy":"author","embeddable":true,"href":"https:\/\/ppgsf.ufms.br\/en\/wp-json\/wp\/v2\/coauthors?post=126"}],"curies":[{"name":"wp","href":"https:\/\/api.w.org\/{rel}","templated":true}]}}