{"id":1311,"date":"2025-05-15T13:15:21","date_gmt":"2025-05-15T17:15:21","guid":{"rendered":"https:\/\/ppgsf.ufms.br\/?page_id=1311"},"modified":"2026-04-30T14:26:07","modified_gmt":"2026-04-30T18:26:07","slug":"videos","status":"publish","type":"page","link":"https:\/\/ppgsf.ufms.br\/en\/producoes__trashed\/videos\/","title":{"rendered":"V\u00eddeos"},"content":{"rendered":"<p><span style=\"font-size: 14pt;font-family: arial, helvetica, sans-serif\"><a href=\"https:\/\/drive.google.com\/file\/d\/1KiXsNqgvne13K_zFPElNs5ce57TNqWUB\/view?usp=sharing\">Gustavo Buscariol Portela Lima<\/a><\/span><\/p>\n<p><span style=\"font-size: 14pt;font-family: arial, helvetica, sans-serif\"><a href=\"https:\/\/drive.google.com\/file\/d\/1eSW8XmvPS0I5oco28QJo_S1moDg1twG8\/view?usp=sharing\">Renata Rigatto<\/a><\/span><\/p>\n<p><span style=\"font-family: arial, helvetica, sans-serif;font-size: 14pt\"><a href=\"https:\/\/drive.google.com\/file\/d\/1iP08nccZlxg5yPwzpOW5NVXVA6AwQWKN\/view?usp=sharing\"> Renata Midoguti<\/a><\/span><\/p>\n<p><span style=\"font-size: 14pt;font-family: arial, helvetica, sans-serif\"><a href=\"https:\/\/drive.google.com\/file\/d\/1s8y4zxlW72r3CC2h5N5tPgPfq_dZ-os2\/view?usp=drive_link\">Matheus Silva Casquer<\/a><\/span><\/p>\n<p><span style=\"font-family: arial, helvetica, sans-serif;font-size: 14pt\"><a href=\"https:\/\/drive.google.com\/file\/d\/1N0c91DneJlagXoX5iY9aGF5pgXyYg1-G\/view?usp=drive_link\"><span class=\"word\" aria-describedby=\"tippy-25\">I<span class=\"changedDisabled\">s<\/span><span class=\"changedDisabled\">a<\/span><span class=\"changedDisabled\">d<\/span><span class=\"changedDisabled\">o<\/span><span class=\"changedDisabled\">r<\/span><span class=\"changedDisabled\">a<\/span><\/span>\u00a0<span class=\"word\">S<span class=\"changedDisabled\">a<\/span><span class=\"changedDisabled\">n<\/span><span class=\"changedDisabled\">t<\/span><span class=\"changedDisabled\">o<\/span><span class=\"changedDisabled\">s<\/span><\/span>\u00a0<span class=\"word\">D<span class=\"changedDisabled\">e<\/span><\/span>\u00a0<span class=\"word\">C<span class=\"changedDisabled\">a<\/span><span class=\"changedDisabled\">r<\/span><span class=\"changedDisabled\">v<\/span><span class=\"changedDisabled\">a<\/span><span class=\"changedDisabled\">l<\/span><span class=\"changedDisabled\">h<\/span><span class=\"changedDisabled\">o<\/span><\/span><\/a><\/span><\/p>\n<p><span style=\"font-family: arial, helvetica, sans-serif;font-size: 14pt\"><a href=\"https:\/\/drive.google.com\/file\/d\/14AJLavUvNBR3B3zRCxwIePm7jKi_zCBh\/view?usp=sharing\">Vin\u00edcius de Moraes Simi\u00e3o<\/a><\/span><\/p>\n<p><span style=\"font-family: arial, helvetica, sans-serif;font-size: 14pt\"><a href=\"https:\/\/drive.google.com\/file\/d\/1OmTqAkQRbHwXu45IjTS4Mh3kIMBKAmvm\/view?usp=sharing\">Ana Paula de Oliveira Lima<\/a><\/span><\/p>\n<p><span style=\"font-family: arial, helvetica, sans-serif;font-size: 14pt\"><a href=\"https:\/\/drive.google.com\/file\/d\/17--jrAeY8q53SyCgEteg8ykq7__fop6J\/view?usp=sharing\">Gl\u00f3ria Ferreira Duailibi<\/a><\/span><\/p>\n<p><span style=\"font-family: arial, helvetica, sans-serif;font-size: 14pt\"><a href=\"https:\/\/drive.google.com\/file\/d\/1N3PAAQt0MHBsAt1z4ZoJS8Xa44DyWy2r\/view?usp=sharing\">Dayane Vanessa Oliveira Garcia Senna<\/a><\/span><\/p>\n","protected":false},"excerpt":{"rendered":"<p>Gustavo Buscariol Portela Lima Renata Rigatto Renata Midoguti Matheus Silva Casquer Isadora\u00a0Santos\u00a0De\u00a0Carvalho Vin\u00edcius de Moraes Simi\u00e3o Ana Paula de Oliveira Lima Gl\u00f3ria Ferreira Duailibi Dayane Vanessa Oliveira Garcia Senna<\/p>\n","protected":false},"author":34834,"featured_media":0,"parent":2052,"menu_order":0,"comment_status":"closed","ping_status":"closed","template":"","meta":{"footnotes":""},"coauthors":[9],"class_list":["post-1311","page","type-page","status-publish","hentry"],"_links":{"self":[{"href":"https:\/\/ppgsf.ufms.br\/en\/wp-json\/wp\/v2\/pages\/1311","targetHints":{"allow":["GET"]}}],"collection":[{"href":"https:\/\/ppgsf.ufms.br\/en\/wp-json\/wp\/v2\/pages"}],"about":[{"href":"https:\/\/ppgsf.ufms.br\/en\/wp-json\/wp\/v2\/types\/page"}],"author":[{"embeddable":true,"href":"https:\/\/ppgsf.ufms.br\/en\/wp-json\/wp\/v2\/users\/34834"}],"replies":[{"embeddable":true,"href":"https:\/\/ppgsf.ufms.br\/en\/wp-json\/wp\/v2\/comments?post=1311"}],"version-history":[{"count":11,"href":"https:\/\/ppgsf.ufms.br\/en\/wp-json\/wp\/v2\/pages\/1311\/revisions"}],"predecessor-version":[{"id":2008,"href":"https:\/\/ppgsf.ufms.br\/en\/wp-json\/wp\/v2\/pages\/1311\/revisions\/2008"}],"up":[{"embeddable":true,"href":"https:\/\/ppgsf.ufms.br\/en\/wp-json\/wp\/v2\/pages\/2052"}],"wp:attachment":[{"href":"https:\/\/ppgsf.ufms.br\/en\/wp-json\/wp\/v2\/media?parent=1311"}],"wp:term":[{"taxonomy":"author","embeddable":true,"href":"https:\/\/ppgsf.ufms.br\/en\/wp-json\/wp\/v2\/coauthors?post=1311"}],"curies":[{"name":"wp","href":"https:\/\/api.w.org\/{rel}","templated":true}]}}