{"id":142,"date":"2023-03-21T16:56:08","date_gmt":"2023-03-21T20:56:08","guid":{"rendered":"https:\/\/ppgsf.ufms.br\/?page_id=142"},"modified":"2026-04-30T14:24:26","modified_gmt":"2026-04-30T18:24:26","slug":"calendario-de-disciplinas","status":"publish","type":"page","link":"https:\/\/ppgsf.ufms.br\/en\/ensino__trashed\/calendario-de-disciplinas\/","title":{"rendered":"Lista de Oferta e Matr\u00edcula"},"content":{"rendered":"A matr\u00edcula em disciplinas ou renova\u00e7\u00e3o do v\u00ednculo \u00e9 feita por meio do SISCAD (<a href=\"https:\/\/siscad.ufms.br\/\">https:\/\/siscad.ufms.br\/<\/a>), conforme <strong><a href=\"https:\/\/ppgsf.ufms.br\/files\/2026\/02\/Manual-Siscad-Estudantes-da-Pos-Graduacao.pdf\">tutorial<\/a><\/strong>.<\/p>\n<ul>\n<li><strong><span style=\"font-size: 18pt\">2026\/1<\/span><\/strong><\/li>\n<\/ul>\n<p>Per\u00edodo de matr\u00edcula de alunos regulares: <strong>26 e 27 de fevereiro<\/strong>.<\/p>\n<p><a href=\"https:\/\/ppgsf.ufms.br\/files\/2026\/03\/RESOLUCAO__CAS_INISA__n_1308__de_13_03_2026.pdf\">Lista de Oferta &#8211; 2026\/1<\/a><\/p>\n<p><a href=\"https:\/\/ppgsf.ufms.br\/files\/2026\/03\/Lista-de-Oferta-2026_1-3-1-1.pdf\">Quadro de hor\u00e1rios &#8211; 2026\/1<\/a><\/p>\n<ul>\n<li><span style=\"font-size: 18pt\"><strong>2025\/2<\/strong><\/span><\/li>\n<\/ul>\n<p><a href=\"https:\/\/ppgsf.ufms.br\/files\/2025\/07\/Cronograma-Oferta-2025.2.pdf\">Quadro de hor\u00e1rios &#8211; 2025\/2<\/a><\/p>\n<ul>\n<li><span style=\"font-size: 18pt\"><b>2025\/1<\/b><\/span><\/li>\n<\/ul>\n<p><a href=\"https:\/\/ppgsf.ufms.br\/files\/2025\/05\/Lista-de-Oferta-2025a.pdf\">Quadro de hor\u00e1rios &#8211; 2025\/1<\/a><\/p>\n<p><strong>As aulas est\u00e3o previstas para ocorrer no Bloco 18\/Inisa, Setor 2.<\/strong><\/p>\n<p>Google maps:\u00a0<a href=\"https:\/\/maps.app.goo.gl\/XTooeLDGgJhXCaPB9\">https:\/\/maps.app.goo.gl\/XTooeLDGgJhXCaPB9<\/a><\/p>\n<p><img fetchpriority=\"high\" decoding=\"async\" class=\"alignnone size-full wp-image-507\" src=\"https:\/\/ppgsf.ufms.br\/files\/2024\/03\/image.png\" alt=\"\" width=\"395\" height=\"308\" srcset=\"https:\/\/ppgsf.ufms.br\/files\/2024\/03\/image.png 395w, https:\/\/ppgsf.ufms.br\/files\/2024\/03\/image-300x234.png 300w\" sizes=\"(max-width: 395px) 100vw, 395px\" \/>","protected":false},"excerpt":{"rendered":"<p>A matr\u00edcula em disciplinas ou renova\u00e7\u00e3o do v\u00ednculo \u00e9 feita por meio do SISCAD (https:\/\/siscad.ufms.br\/), conforme tutorial. 2026\/1 Per\u00edodo de matr\u00edcula de alunos regulares: 26 e 27 de fevereiro. Lista de Oferta &#8211; 2026\/1 Quadro de hor\u00e1rios &#8211; 2026\/1 2025\/2 Quadro de hor\u00e1rios &#8211; 2025\/2 2025\/1 Quadro de hor\u00e1rios &#8211; 2025\/1 As aulas est\u00e3o previstas [&hellip;]<\/p>\n","protected":false},"author":1485,"featured_media":0,"parent":2074,"menu_order":0,"comment_status":"closed","ping_status":"closed","template":"","meta":{"footnotes":""},"coauthors":[8],"class_list":["post-142","page","type-page","status-publish","hentry"],"_links":{"self":[{"href":"https:\/\/ppgsf.ufms.br\/en\/wp-json\/wp\/v2\/pages\/142","targetHints":{"allow":["GET"]}}],"collection":[{"href":"https:\/\/ppgsf.ufms.br\/en\/wp-json\/wp\/v2\/pages"}],"about":[{"href":"https:\/\/ppgsf.ufms.br\/en\/wp-json\/wp\/v2\/types\/page"}],"author":[{"embeddable":true,"href":"https:\/\/ppgsf.ufms.br\/en\/wp-json\/wp\/v2\/users\/1485"}],"replies":[{"embeddable":true,"href":"https:\/\/ppgsf.ufms.br\/en\/wp-json\/wp\/v2\/comments?post=142"}],"version-history":[{"count":57,"href":"https:\/\/ppgsf.ufms.br\/en\/wp-json\/wp\/v2\/pages\/142\/revisions"}],"predecessor-version":[{"id":2193,"href":"https:\/\/ppgsf.ufms.br\/en\/wp-json\/wp\/v2\/pages\/142\/revisions\/2193"}],"up":[{"embeddable":true,"href":"https:\/\/ppgsf.ufms.br\/en\/wp-json\/wp\/v2\/pages\/2074"}],"wp:attachment":[{"href":"https:\/\/ppgsf.ufms.br\/en\/wp-json\/wp\/v2\/media?parent=142"}],"wp:term":[{"taxonomy":"author","embeddable":true,"href":"https:\/\/ppgsf.ufms.br\/en\/wp-json\/wp\/v2\/coauthors?post=142"}],"curies":[{"name":"wp","href":"https:\/\/api.w.org\/{rel}","templated":true}]}}