{"id":1424,"date":"2025-07-30T13:21:17","date_gmt":"2025-07-30T17:21:17","guid":{"rendered":"https:\/\/ppgsf.ufms.br\/?page_id=1424"},"modified":"2026-03-24T16:20:39","modified_gmt":"2026-03-24T20:20:39","slug":"links-uteis","status":"publish","type":"page","link":"https:\/\/ppgsf.ufms.br\/en\/links-uteis\/","title":{"rendered":"LINKS \u00daTEIS"},"content":{"rendered":"<ul id=\"menu-12\" class=\"nav nav-stacked\">\n<li><strong><span style=\"font-size: 14pt\"><a href=\"http:\/\/www.dominiopublico.gov.br\/\" target=\"_blank\" rel=\"noopener\">Dom\u00ednio P\u00fablico<\/a><\/span><\/strong><\/li>\n<li><strong><span style=\"font-size: 14pt\"><a href=\"http:\/\/www.periodicos.capes.gov.br\/\" target=\"_blank\" rel=\"noopener\">Peri\u00f3dicos da CAPES<\/a><\/span><\/strong><\/li>\n<li><strong><span style=\"font-size: 14pt\"><a href=\"http:\/\/www.ncbi.nlm.nih.gov\/pubmed\" target=\"_blank\" rel=\"noopener\">PubMed &#8211; EUA<\/a><\/span><\/strong><\/li>\n<li><strong><span style=\"font-size: 14pt\"><a href=\"http:\/\/www.scielo.br\/\" target=\"_blank\" rel=\"noopener\">Scielo Brasil<\/a><\/span><\/strong><\/li>\n<li><strong><span style=\"font-size: 14pt\"><a href=\"http:\/\/www.sciencedirect.com\/\" target=\"_blank\" rel=\"noopener\">Science Direct<\/a><\/span><\/strong><\/li>\n<li><strong><span style=\"font-size: 14pt\"><a href=\"http:\/\/qualis.capes.gov.br\/webqualis\/\" target=\"_blank\" rel=\"noopener\">WebQualis<\/a><\/span><\/strong><\/li>\n<\/ul>","protected":false},"excerpt":{"rendered":"<p>Dom\u00ednio P\u00fablico Peri\u00f3dicos da CAPES PubMed &#8211; EUA Scielo Brasil Science Direct WebQualis<\/p>\n","protected":false},"author":34834,"featured_media":0,"parent":0,"menu_order":20,"comment_status":"closed","ping_status":"closed","template":"","meta":{"footnotes":""},"coauthors":[9],"class_list":["post-1424","page","type-page","status-publish","hentry"],"_links":{"self":[{"href":"https:\/\/ppgsf.ufms.br\/en\/wp-json\/wp\/v2\/pages\/1424","targetHints":{"allow":["GET"]}}],"collection":[{"href":"https:\/\/ppgsf.ufms.br\/en\/wp-json\/wp\/v2\/pages"}],"about":[{"href":"https:\/\/ppgsf.ufms.br\/en\/wp-json\/wp\/v2\/types\/page"}],"author":[{"embeddable":true,"href":"https:\/\/ppgsf.ufms.br\/en\/wp-json\/wp\/v2\/users\/34834"}],"replies":[{"embeddable":true,"href":"https:\/\/ppgsf.ufms.br\/en\/wp-json\/wp\/v2\/comments?post=1424"}],"version-history":[{"count":4,"href":"https:\/\/ppgsf.ufms.br\/en\/wp-json\/wp\/v2\/pages\/1424\/revisions"}],"predecessor-version":[{"id":2090,"href":"https:\/\/ppgsf.ufms.br\/en\/wp-json\/wp\/v2\/pages\/1424\/revisions\/2090"}],"wp:attachment":[{"href":"https:\/\/ppgsf.ufms.br\/en\/wp-json\/wp\/v2\/media?parent=1424"}],"wp:term":[{"taxonomy":"author","embeddable":true,"href":"https:\/\/ppgsf.ufms.br\/en\/wp-json\/wp\/v2\/coauthors?post=1424"}],"curies":[{"name":"wp","href":"https:\/\/api.w.org\/{rel}","templated":true}]}}