{"id":168,"date":"2023-03-21T17:21:56","date_gmt":"2023-03-21T21:21:56","guid":{"rendered":"https:\/\/ppgsf.ufms.br\/?page_id=168"},"modified":"2026-04-30T14:38:54","modified_gmt":"2026-04-30T18:38:54","slug":"regulamento-e-normas-do-curso","status":"publish","type":"page","link":"https:\/\/ppgsf.ufms.br\/en\/regulamento-e-normas-do-curso\/","title":{"rendered":"Documentos do Curso"},"content":{"rendered":"<span style=\"font-family: georgia, palatino, serif;font-size: 12pt\">Documentos<\/span><\/p>\n<ul>\n<li><span style=\"font-family: georgia, palatino, serif;font-size: 12pt\"><a href=\"https:\/\/ppgsf.ufms.br\/files\/2025\/07\/646_Regulamento_de_Curso-PPGSF.pdf\">Regulamento do Curso &#8211; PPGSF<\/a><\/span><\/li>\n<li><span style=\"font-family: georgia, palatino, serif;font-size: 12pt\"><a href=\"https:\/\/boletimoficial.ufms.br\/bse\/publicacao?id=564874\">Regulamento dos Cursos de P\u00f3s-Gradua\u00e7\u00e3o Stricto Sensu da UFMS<\/a><\/span><\/li>\n<li><span style=\"font-family: georgia, palatino, serif;font-size: 12pt\"><a href=\"https:\/\/ppgsf.ufms.br\/files\/2026\/03\/RESOLUCAO-COPP-n-1114-de-10-02-2026.-2.pdf\">Estrutura Curricular<\/a><\/span><\/li>\n<li><span style=\"font-family: georgia, palatino, serif;font-size: 12pt\"><a href=\"https:\/\/ppgsf.ufms.br\/files\/2024\/10\/PLANEJAMENTO-ESTRATEGICO_PPGSF_2021_2024_versao-final.pdf\">Planejamento Estrat\u00e9gico do Curso<\/a><\/span><\/li>\n<li><span style=\"font-family: georgia, palatino, serif;font-size: 12pt\"><a href=\"https:\/\/ppgsf.ufms.br\/files\/2025\/08\/RESOLUCAO-CPOS-SFM_INISA-n-527-de-22-08-2025.pdf\">Normas para credenciamento, recredenciamento e descredenciamento de docentes<\/a><\/span><\/li>\n<\/ul>\n<p>&nbsp;<\/p>\n<p><span style=\"font-family: georgia, palatino, serif;font-size: 12pt\">Exame de Qualifica\u00e7\u00e3o e Defesa de Disserta\u00e7\u00e3o<\/span><\/p>\n<ul>\n<li><span style=\"font-family: georgia, palatino, serif;font-size: 12pt\"><a href=\"https:\/\/ppgsf.ufms.br\/files\/2024\/08\/INSTRUCOES-PARA-EXAME-DE-QUALIFICACAO-E-DEFESA.pdf\">Instru\u00e7\u00f5es para Exame de Qualifica\u00e7\u00e3o e Defesa<\/a><\/span><\/li>\n<li><span style=\"font-family: georgia, palatino, serif;font-size: 12pt\"><a href=\"https:\/\/ppgsf.ufms.br\/files\/2025\/12\/Disertac\u0327o\u0303es-estrutura-e-forma-PPGSF.pdf\">Normas para Elabora\u00e7\u00e3o de Disserta\u00e7\u00e3o<\/a><\/span><\/li>\n<\/ul>\n<p>&nbsp;<\/p>\n<p><span style=\"font-family: georgia, palatino, serif;font-size: 12pt\">Formul\u00e1rios<\/span><\/p>\n<ul>\n<li><span style=\"font-family: georgia, palatino, serif;font-size: 12pt\"><a href=\"https:\/\/ppgsf.ufms.br\/files\/2023\/08\/Requerimento-Geral.docx\" target=\"_blank\" rel=\"noopener\">Requerimento Geral<\/a><\/span><\/li>\n<li><span style=\"font-family: georgia, palatino, serif;font-size: 12pt\"><a href=\"https:\/\/ppgsf.ufms.br\/files\/2023\/06\/Solicitacao-de-Matricula-fora-do-prazo.docx\" target=\"_blank\" rel=\"noopener\">Solicita\u00e7\u00e3o de matr\u00edcula fora de prazo<\/a><\/span><\/li>\n<li><span style=\"font-family: georgia, palatino, serif;font-size: 12pt\"><a href=\"https:\/\/ppgsf.ufms.br\/files\/2023\/03\/PPGSF-Cancelamento-de-matricula-Mestrado-Inisa-1.doc\" target=\"_blank\" rel=\"noopener\">Cancelamento de matr\u00edcula<\/a><\/span><\/li>\n<li><span style=\"font-family: georgia, palatino, serif;font-size: 12pt\"><a href=\"https:\/\/ppgsf.ufms.br\/files\/2023\/12\/Agendamento-de-Qualificacao-e-Defesa.docx\" target=\"_blank\" rel=\"noopener\">Agendamento de Qualifica\u00e7\u00e3o e Defesa<\/a><\/span><\/li>\n<li><span style=\"font-family: georgia, palatino, serif;font-size: 12pt\"><a href=\"https:\/\/ppgsf.ufms.br\/files\/2023\/03\/PPGSF-Solicitacao-Prorrogacao-de-prazo-Mestrado-Inisa.doc\" target=\"_blank\" rel=\"noopener\">Solicita\u00e7\u00e3o de prorroga\u00e7\u00e3o de prazo<\/a><\/span><\/li>\n<li><a href=\"https:\/\/ppgsf.ufms.br\/files\/2026\/03\/Declaracao-de-Comparecimento.docx\"><span style=\"font-family: georgia, palatino, serif;font-size: 12pt\">Declara\u00e7\u00e3o de comparecimento em aula<\/span><\/a><\/li>\n<li><span style=\"font-family: georgia, palatino, serif;font-size: 12pt\"><a href=\"https:\/\/ppgsf.ufms.br\/files\/2023\/03\/PPGSF-Formulario-Projeto-de-Pesquisa-Mestrado-Inisa.doc\" target=\"_blank\" rel=\"noopener\">Projeto de pesquisa<\/a><\/span><\/li>\n<li><span style=\"font-family: georgia, palatino, serif;font-size: 12pt\"><a href=\"https:\/\/ppgsf.ufms.br\/files\/2023\/03\/PPGSF-Ficha-de-Comparecimento-em-Defesa-Mestrado-Inisa.doc\" target=\"_blank\" rel=\"noopener\">Comparecimento em Defesa<\/a><\/span><\/li>\n<li><span style=\"font-family: georgia, palatino, serif;font-size: 12pt\"><a href=\"https:\/\/ppgsf.ufms.br\/files\/2023\/06\/Inclusao-de-Coorientador.docx\" target=\"_blank\" rel=\"noopener\">Inclus\u00e3o de coorientador<\/a><\/span><\/li>\n<li><span style=\"font-family: georgia, palatino, serif;font-size: 12pt\"><a href=\"https:\/\/ppgsf.ufms.br\/files\/2025\/03\/Solicitacao-%E2%80%93-Aproveitamento-de-creditos-novo.docx\">Aproveitamento de cr\u00e9ditos<\/a><\/span><\/li>\n<li><span style=\"font-family: georgia, palatino, serif;font-size: 12pt\"><a href=\"https:\/\/ppgsf.ufms.br\/files\/2023\/03\/Registro-de-Diploma-Requerimento-de-Urgencia.docx\" target=\"_blank\" rel=\"noopener\">Registro de diploma \u2013 requerimento de urg\u00eancia<\/a><\/span><\/li>\n<li><span style=\"font-family: georgia, palatino, serif;font-size: 12pt\"><a href=\"https:\/\/ppgsf.ufms.br\/files\/2025\/06\/PPGSF-TERMO-DE-AUTORIZACAO-PARA-DIVULGACAO-DE-VIDEO-3.doc\">Termo de Autoriza\u00e7\u00e3o para divulga\u00e7\u00e3o de v\u00eddeo e orienta\u00e7\u00f5es para a grava\u00e7\u00e3o<\/a><\/span><\/li>\n<\/ul>","protected":false},"excerpt":{"rendered":"<p>Documentos Regulamento do Curso &#8211; PPGSF Regulamento dos Cursos de P\u00f3s-Gradua\u00e7\u00e3o Stricto Sensu da UFMS Estrutura Curricular Planejamento Estrat\u00e9gico do Curso Normas para credenciamento, recredenciamento e descredenciamento de docentes &nbsp; Exame de Qualifica\u00e7\u00e3o e Defesa de Disserta\u00e7\u00e3o Instru\u00e7\u00f5es para Exame de Qualifica\u00e7\u00e3o e Defesa Normas para Elabora\u00e7\u00e3o de Disserta\u00e7\u00e3o &nbsp; Formul\u00e1rios Requerimento Geral Solicita\u00e7\u00e3o de [&hellip;]<\/p>\n","protected":false},"author":1485,"featured_media":0,"parent":0,"menu_order":1,"comment_status":"closed","ping_status":"closed","template":"","meta":{"footnotes":""},"coauthors":[8],"class_list":["post-168","page","type-page","status-publish","hentry"],"_links":{"self":[{"href":"https:\/\/ppgsf.ufms.br\/en\/wp-json\/wp\/v2\/pages\/168","targetHints":{"allow":["GET"]}}],"collection":[{"href":"https:\/\/ppgsf.ufms.br\/en\/wp-json\/wp\/v2\/pages"}],"about":[{"href":"https:\/\/ppgsf.ufms.br\/en\/wp-json\/wp\/v2\/types\/page"}],"author":[{"embeddable":true,"href":"https:\/\/ppgsf.ufms.br\/en\/wp-json\/wp\/v2\/users\/1485"}],"replies":[{"embeddable":true,"href":"https:\/\/ppgsf.ufms.br\/en\/wp-json\/wp\/v2\/comments?post=168"}],"version-history":[{"count":45,"href":"https:\/\/ppgsf.ufms.br\/en\/wp-json\/wp\/v2\/pages\/168\/revisions"}],"predecessor-version":[{"id":2235,"href":"https:\/\/ppgsf.ufms.br\/en\/wp-json\/wp\/v2\/pages\/168\/revisions\/2235"}],"wp:attachment":[{"href":"https:\/\/ppgsf.ufms.br\/en\/wp-json\/wp\/v2\/media?parent=168"}],"wp:term":[{"taxonomy":"author","embeddable":true,"href":"https:\/\/ppgsf.ufms.br\/en\/wp-json\/wp\/v2\/coauthors?post=168"}],"curies":[{"name":"wp","href":"https:\/\/api.w.org\/{rel}","templated":true}]}}