{"id":1879,"date":"2026-03-02T10:44:43","date_gmt":"2026-03-02T14:44:43","guid":{"rendered":"https:\/\/ppgsf.ufms.br\/?page_id=1879"},"modified":"2026-04-30T14:25:53","modified_gmt":"2026-04-30T18:25:53","slug":"objetivos-do-programa-2026","status":"publish","type":"page","link":"https:\/\/ppgsf.ufms.br\/en\/historico__trashed\/objetivos-do-programa-2026\/","title":{"rendered":"Objetivos do Programa"},"content":{"rendered":"<p><strong>Objetivo geral:<\/strong><\/p>\n<ul>\n<li>Instrumentalizar os p\u00f3s-graduandos para a elabora\u00e7\u00e3o e execu\u00e7\u00e3o de pr\u00e1ticas de investiga\u00e7\u00e3o e aten\u00e7\u00e3o em sa\u00fade da fam\u00edlia.<\/li>\n<\/ul>\n<p><strong>Objetivos espec\u00edficos:<\/strong><\/p>\n<ul>\n<li>propiciar e fortalecer a produ\u00e7\u00e3o\/constru\u00e7\u00e3o do conhecimento com vistas a desenvolver pr\u00e1ticas cientificamente embasadas e tecnologicamente adequados como elementos locais norteadores da ESF;<\/li>\n<li>fomentar a constru\u00e7\u00e3o coletiva de m\u00e9todos inovadores de promo\u00e7\u00e3o e educa\u00e7\u00e3o em sa\u00fade, conforme as necessidades locais; e<\/li>\n<li>desenvolver compet\u00eancias\u00a0 de investiga\u00e7\u00e3o\/diagn\u00f3stico e ensino, inseridas na Estrat\u00e9gia de Sa\u00fade da Fam\u00edlia (ESF).<\/li>\n<\/ul>\n","protected":false},"excerpt":{"rendered":"<p>Objetivo geral: Instrumentalizar os p\u00f3s-graduandos para a elabora\u00e7\u00e3o e execu\u00e7\u00e3o de pr\u00e1ticas de investiga\u00e7\u00e3o e aten\u00e7\u00e3o em sa\u00fade da fam\u00edlia. Objetivos espec\u00edficos: propiciar e fortalecer a produ\u00e7\u00e3o\/constru\u00e7\u00e3o do conhecimento com vistas a desenvolver pr\u00e1ticas cientificamente embasadas e tecnologicamente adequados como elementos locais norteadores da ESF; fomentar a constru\u00e7\u00e3o coletiva de m\u00e9todos inovadores de promo\u00e7\u00e3o e [&hellip;]<\/p>\n","protected":false},"author":79765,"featured_media":0,"parent":2083,"menu_order":0,"comment_status":"closed","ping_status":"closed","template":"","meta":{"footnotes":""},"coauthors":[12],"class_list":["post-1879","page","type-page","status-publish","hentry"],"_links":{"self":[{"href":"https:\/\/ppgsf.ufms.br\/en\/wp-json\/wp\/v2\/pages\/1879","targetHints":{"allow":["GET"]}}],"collection":[{"href":"https:\/\/ppgsf.ufms.br\/en\/wp-json\/wp\/v2\/pages"}],"about":[{"href":"https:\/\/ppgsf.ufms.br\/en\/wp-json\/wp\/v2\/types\/page"}],"author":[{"embeddable":true,"href":"https:\/\/ppgsf.ufms.br\/en\/wp-json\/wp\/v2\/users\/79765"}],"replies":[{"embeddable":true,"href":"https:\/\/ppgsf.ufms.br\/en\/wp-json\/wp\/v2\/comments?post=1879"}],"version-history":[{"count":1,"href":"https:\/\/ppgsf.ufms.br\/en\/wp-json\/wp\/v2\/pages\/1879\/revisions"}],"predecessor-version":[{"id":1880,"href":"https:\/\/ppgsf.ufms.br\/en\/wp-json\/wp\/v2\/pages\/1879\/revisions\/1880"}],"up":[{"embeddable":true,"href":"https:\/\/ppgsf.ufms.br\/en\/wp-json\/wp\/v2\/pages\/2083"}],"wp:attachment":[{"href":"https:\/\/ppgsf.ufms.br\/en\/wp-json\/wp\/v2\/media?parent=1879"}],"wp:term":[{"taxonomy":"author","embeddable":true,"href":"https:\/\/ppgsf.ufms.br\/en\/wp-json\/wp\/v2\/coauthors?post=1879"}],"curies":[{"name":"wp","href":"https:\/\/api.w.org\/{rel}","templated":true}]}}