{"id":1881,"date":"2026-03-02T10:46:56","date_gmt":"2026-03-02T14:46:56","guid":{"rendered":"https:\/\/ppgsf.ufms.br\/?page_id=1881"},"modified":"2026-04-30T14:26:00","modified_gmt":"2026-04-30T18:26:00","slug":"planejamento-estrategico","status":"publish","type":"page","link":"https:\/\/ppgsf.ufms.br\/en\/historico__trashed\/planejamento-estrategico\/","title":{"rendered":"Planejamento Estrat\u00e9gico"},"content":{"rendered":"<p><a href=\"https:\/\/ppgsf.ufms.br\/files\/2024\/10\/PLANEJAMENTO-ESTRATEGICO_PPGSF_2021_2024_versao-final.pdf\">PLANEJAMENTO ESTRAT\u00c9GICO DO PPGSF (2021-2025) &#8211; Acesse aqui<\/a><\/p>\n<p>Planejamento estrat\u00e9gico para o per\u00edodo do 2021-2025 do Programa de P\u00f3s-gradua\u00e7\u00e3o em Sa\u00fade da Fam\u00edlia do Instituto Integrado de Sa\u00fade da Universidade Federal de Mato Grosso do Sul.<\/p>\n<p>&nbsp;<\/p>\n","protected":false},"excerpt":{"rendered":"<p>PLANEJAMENTO ESTRAT\u00c9GICO DO PPGSF (2021-2025) &#8211; Acesse aqui Planejamento estrat\u00e9gico para o per\u00edodo do 2021-2025 do Programa de P\u00f3s-gradua\u00e7\u00e3o em Sa\u00fade da Fam\u00edlia do Instituto Integrado de Sa\u00fade da Universidade Federal de Mato Grosso do Sul. &nbsp;<\/p>\n","protected":false},"author":79765,"featured_media":0,"parent":2083,"menu_order":0,"comment_status":"closed","ping_status":"closed","template":"","meta":{"footnotes":""},"coauthors":[12],"class_list":["post-1881","page","type-page","status-publish","hentry"],"_links":{"self":[{"href":"https:\/\/ppgsf.ufms.br\/en\/wp-json\/wp\/v2\/pages\/1881","targetHints":{"allow":["GET"]}}],"collection":[{"href":"https:\/\/ppgsf.ufms.br\/en\/wp-json\/wp\/v2\/pages"}],"about":[{"href":"https:\/\/ppgsf.ufms.br\/en\/wp-json\/wp\/v2\/types\/page"}],"author":[{"embeddable":true,"href":"https:\/\/ppgsf.ufms.br\/en\/wp-json\/wp\/v2\/users\/79765"}],"replies":[{"embeddable":true,"href":"https:\/\/ppgsf.ufms.br\/en\/wp-json\/wp\/v2\/comments?post=1881"}],"version-history":[{"count":1,"href":"https:\/\/ppgsf.ufms.br\/en\/wp-json\/wp\/v2\/pages\/1881\/revisions"}],"predecessor-version":[{"id":1882,"href":"https:\/\/ppgsf.ufms.br\/en\/wp-json\/wp\/v2\/pages\/1881\/revisions\/1882"}],"up":[{"embeddable":true,"href":"https:\/\/ppgsf.ufms.br\/en\/wp-json\/wp\/v2\/pages\/2083"}],"wp:attachment":[{"href":"https:\/\/ppgsf.ufms.br\/en\/wp-json\/wp\/v2\/media?parent=1881"}],"wp:term":[{"taxonomy":"author","embeddable":true,"href":"https:\/\/ppgsf.ufms.br\/en\/wp-json\/wp\/v2\/coauthors?post=1881"}],"curies":[{"name":"wp","href":"https:\/\/api.w.org\/{rel}","templated":true}]}}