{"id":1946,"date":"2026-03-04T08:43:36","date_gmt":"2026-03-04T12:43:36","guid":{"rendered":"https:\/\/ppgsf.ufms.br\/?page_id=1946"},"modified":"2026-04-30T14:24:21","modified_gmt":"2026-04-30T18:24:21","slug":"estrutura-curricular","status":"publish","type":"page","link":"https:\/\/ppgsf.ufms.br\/en\/ensino__trashed\/estrutura-curricular\/","title":{"rendered":"Estrutura Curricular e Ementas"},"content":{"rendered":"<a href=\"https:\/\/ppgsf.ufms.br\/files\/2026\/03\/RESOLUCAO-COPP-n-1114-de-10-02-2026.-2.pdf\">Estrutura Curricular do Curso de Mestrado em Sa\u00fade da Fam\u00edlia (RESOLU\u00c7\u00c3O N\u00ba 1.114-COPP\/UFMS, DE 10 DE FEVEREIRO DE 2026) &#8211; Acesse aqui<\/a><\/p>\n<a href=\"https:\/\/ppgsf.ufms.br\/files\/2026\/03\/RESOLUCAO-COPP-n-1114-de-10-02-2026.-2.pdf\" class=\"pdfemb-viewer\" style=\"\" data-width=\"max\" data-height=\"max\" data-toolbar=\"bottom\" data-toolbar-fixed=\"off\">RESOLUCAO (COPP) n 1114, de 10-02-2026. (2)<\/a>","protected":false},"excerpt":{"rendered":"<p>Estrutura Curricular do Curso de Mestrado em Sa\u00fade da Fam\u00edlia (RESOLU\u00c7\u00c3O N\u00ba 1.114-COPP\/UFMS, DE 10 DE FEVEREIRO DE 2026) &#8211; Acesse aqui<\/p>\n","protected":false},"author":79765,"featured_media":0,"parent":2074,"menu_order":0,"comment_status":"closed","ping_status":"closed","template":"","meta":{"footnotes":""},"coauthors":[12],"class_list":["post-1946","page","type-page","status-publish","hentry"],"_links":{"self":[{"href":"https:\/\/ppgsf.ufms.br\/en\/wp-json\/wp\/v2\/pages\/1946","targetHints":{"allow":["GET"]}}],"collection":[{"href":"https:\/\/ppgsf.ufms.br\/en\/wp-json\/wp\/v2\/pages"}],"about":[{"href":"https:\/\/ppgsf.ufms.br\/en\/wp-json\/wp\/v2\/types\/page"}],"author":[{"embeddable":true,"href":"https:\/\/ppgsf.ufms.br\/en\/wp-json\/wp\/v2\/users\/79765"}],"replies":[{"embeddable":true,"href":"https:\/\/ppgsf.ufms.br\/en\/wp-json\/wp\/v2\/comments?post=1946"}],"version-history":[{"count":4,"href":"https:\/\/ppgsf.ufms.br\/en\/wp-json\/wp\/v2\/pages\/1946\/revisions"}],"predecessor-version":[{"id":2163,"href":"https:\/\/ppgsf.ufms.br\/en\/wp-json\/wp\/v2\/pages\/1946\/revisions\/2163"}],"up":[{"embeddable":true,"href":"https:\/\/ppgsf.ufms.br\/en\/wp-json\/wp\/v2\/pages\/2074"}],"wp:attachment":[{"href":"https:\/\/ppgsf.ufms.br\/en\/wp-json\/wp\/v2\/media?parent=1946"}],"wp:term":[{"taxonomy":"author","embeddable":true,"href":"https:\/\/ppgsf.ufms.br\/en\/wp-json\/wp\/v2\/coauthors?post=1946"}],"curies":[{"name":"wp","href":"https:\/\/api.w.org\/{rel}","templated":true}]}}