{"id":198,"date":"2023-03-21T17:48:53","date_gmt":"2023-03-21T21:48:53","guid":{"rendered":"https:\/\/ppgsf.ufms.br\/?page_id=198"},"modified":"2026-03-24T15:52:39","modified_gmt":"2026-03-24T19:52:39","slug":"contato","status":"publish","type":"page","link":"https:\/\/ppgsf.ufms.br\/en\/contato\/","title":{"rendered":"Contato\/Localiza\u00e7\u00e3o"},"content":{"rendered":"<div class=\"span4\"><strong>Secretaria do Programa<\/strong><\/div>\n<div class=\"span4\"><span class=\"ng-binding\">+55 (67) 3345-7356<br \/>\n<\/span><span class=\"ng-binding\">E-mail: ppgsf.inisa@ufms.br<\/span><\/div>\n<div>De segunda a sexta-feira das 7:00 \u00e0s 11:00 e das 13:00 \u00e0s 17:00<\/div>\n<hr \/>\n<div class=\"span4\"><strong>Programa de P\u00f3s-Gradua\u00e7\u00e3o em Sa\u00fade da Fam\u00edlia<\/strong><\/div>\n<div class=\"span4\">Instituto Integrado de Sa\u00fade &#8211; Inisa<\/div>\n<div class=\"span4\">Universidade Federal de Mato Grosso do Sul<br \/>\n79070-900 \u2013 Campo Grande, Brasil<\/div>\n<hr \/>\n<div><strong>Localiza\u00e7\u00e3o<\/strong><br \/>\nCidade Universit\u00e1ria (Campo Grande \u2013 MS): <span style=\"text-decoration: underline\">Setor 2, Bloco 18<\/span>.<\/div>\n<div>\n<p>Google maps:\u00a0<a href=\"https:\/\/maps.app.goo.gl\/XTooeLDGgJhXCaPB9\">https:\/\/maps.app.goo.gl\/XTooeLDGgJhXCaPB9<\/a><\/p>\n<p><img fetchpriority=\"high\" decoding=\"async\" class=\"alignnone size-full wp-image-507\" src=\"https:\/\/ppgsf.ufms.br\/files\/2024\/03\/image.png\" alt=\"\" width=\"395\" height=\"308\" srcset=\"https:\/\/ppgsf.ufms.br\/files\/2024\/03\/image.png 395w, https:\/\/ppgsf.ufms.br\/files\/2024\/03\/image-300x234.png 300w\" sizes=\"(max-width: 395px) 100vw, 395px\" \/><\/p>\n<\/div>\n","protected":false},"excerpt":{"rendered":"<p>Secretaria do Programa +55 (67) 3345-7356 E-mail: ppgsf.inisa@ufms.br De segunda a sexta-feira das 7:00 \u00e0s 11:00 e das 13:00 \u00e0s 17:00 Programa de P\u00f3s-Gradua\u00e7\u00e3o em Sa\u00fade da Fam\u00edlia Instituto Integrado de Sa\u00fade &#8211; Inisa Universidade Federal de Mato Grosso do Sul 79070-900 \u2013 Campo Grande, Brasil Localiza\u00e7\u00e3o Cidade Universit\u00e1ria (Campo Grande \u2013 MS): Setor 2, [&hellip;]<\/p>\n","protected":false},"author":1485,"featured_media":0,"parent":0,"menu_order":21,"comment_status":"closed","ping_status":"closed","template":"","meta":{"footnotes":""},"coauthors":[8],"class_list":["post-198","page","type-page","status-publish","hentry"],"_links":{"self":[{"href":"https:\/\/ppgsf.ufms.br\/en\/wp-json\/wp\/v2\/pages\/198","targetHints":{"allow":["GET"]}}],"collection":[{"href":"https:\/\/ppgsf.ufms.br\/en\/wp-json\/wp\/v2\/pages"}],"about":[{"href":"https:\/\/ppgsf.ufms.br\/en\/wp-json\/wp\/v2\/types\/page"}],"author":[{"embeddable":true,"href":"https:\/\/ppgsf.ufms.br\/en\/wp-json\/wp\/v2\/users\/1485"}],"replies":[{"embeddable":true,"href":"https:\/\/ppgsf.ufms.br\/en\/wp-json\/wp\/v2\/comments?post=198"}],"version-history":[{"count":25,"href":"https:\/\/ppgsf.ufms.br\/en\/wp-json\/wp\/v2\/pages\/198\/revisions"}],"predecessor-version":[{"id":1944,"href":"https:\/\/ppgsf.ufms.br\/en\/wp-json\/wp\/v2\/pages\/198\/revisions\/1944"}],"wp:attachment":[{"href":"https:\/\/ppgsf.ufms.br\/en\/wp-json\/wp\/v2\/media?parent=198"}],"wp:term":[{"taxonomy":"author","embeddable":true,"href":"https:\/\/ppgsf.ufms.br\/en\/wp-json\/wp\/v2\/coauthors?post=198"}],"curies":[{"name":"wp","href":"https:\/\/api.w.org\/{rel}","templated":true}]}}