{"id":23,"date":"2023-03-21T14:15:56","date_gmt":"2023-03-21T18:15:56","guid":{"rendered":"https:\/\/ppgsf.ufms.br\/?page_id=23"},"modified":"2026-04-30T14:25:50","modified_gmt":"2026-04-30T18:25:50","slug":"o-ppgsf","status":"publish","type":"page","link":"https:\/\/ppgsf.ufms.br\/en\/historico__trashed\/o-ppgsf\/","title":{"rendered":"Sobre o PPGSF"},"content":{"rendered":"<span style=\"font-size: 14pt\"><strong>Mestrado Profissional em Sa\u00fade da Fam\u00edlia<\/strong><\/span><\/p>\n<p>O curso, com \u00e1rea de concentra\u00e7\u00e3o em Sa\u00fade da Fam\u00edlia, \u00e9 vinculado ao Instituto Integrado de Sa\u00fade (INISA) da Funda\u00e7\u00e3o Universidade Federal de Mato Grosso do Sul, ofertado na modalidade presencial e estruturado segundo um modelo interdisciplinar de ensino, pesquisa e orienta\u00e7\u00e3o. Seu prazo m\u00ednimo de integraliza\u00e7\u00e3o \u00e9 de doze meses e o m\u00e1ximo de vinte e quatro meses, com possibilidade de prorroga\u00e7\u00e3o por at\u00e9 seis meses, mediante aprova\u00e7\u00e3o do Colegiado do Curso.<\/p>\n<p>Ele atua estrategicamente na qualifica\u00e7\u00e3o de profissionais da Aten\u00e7\u00e3o Prim\u00e1ria \u00e0 Sa\u00fade (APS) e da Estrat\u00e9gia Sa\u00fade da Fam\u00edlia (ESF). Seu problema-objeto \u00e9 o fen\u00f4meno sa\u00fade-doen\u00e7a em n\u00edvel coletivo e a transforma\u00e7\u00e3o da realidade do SUS e da APS, com foco na forma\u00e7\u00e3o de profissionais com pensamento cr\u00edtico-reflexivo e compet\u00eancia t\u00e9cnico-cient\u00edfica. O programa possui alta relev\u00e2ncia social e impacto na carreira dos profissionais que atuam em ESF ou APS e consequentemente, no SUS, alinhando-se \u00e0 miss\u00e3o da CAPES de desenvolver pesquisas de natureza estrat\u00e9gica e t\u00e9cnico-tecnol\u00f3gica no campo da Ci\u00eancia Aplicada e tamb\u00e9m contribui para a redu\u00e7\u00e3o das assimetrias regionais.<\/p>\n<p>Ele \u00e9 fruto de uma demanda social e foi viabilizado por meio de um processo de constru\u00e7\u00e3o coletiva, com a participa\u00e7\u00e3o de atores de diferentes segmentos da sa\u00fade do Mato Grosso do Sul. As linhas de pesquisa, os objetivos do curso, a concep\u00e7\u00e3o pedag\u00f3gica, o planejamento estrat\u00e9gico, a autoavalia\u00e7\u00e3o e a estrutura curricular foram criteriosamente planejados, considerando a perspectiva de que o mestrando \u201cpasse a compreender essa produ\u00e7\u00e3o do conhecimento cient\u00edfico, relacionando-o com seu processo de trabalho, [\u2026] que ele n\u00e3o seja um mero reprodutor das tecnologias\u201d (Xavier, 2003, p. 13), mas que, em fun\u00e7\u00e3o de sua realidade, selecione-as e as aplique de maneira prof\u00edcua nos diferentes contextos (popula\u00e7\u00e3o, profissionais, gest\u00e3o etc.) envolvidos no processo de produ\u00e7\u00e3o da sa\u00fade.<\/p>\n<p>Sua miss\u00e3o \u00e9 formar profissionais com compet\u00eancia t\u00e9cnico-cient\u00edfica e pensamento cr\u00edtico-reflexivo, comprometidos com a transforma\u00e7\u00e3o da realidade do SUS e da Aten\u00e7\u00e3o Prim\u00e1ria \u00e0 Sa\u00fade, considerando os contextos sociais e sanit\u00e1rios dos territ\u00f3rios onde atuam.<\/p>\n<p>Sua vis\u00e3o \u00e9 ser refer\u00eancia estadual na produ\u00e7\u00e3o de conhecimento e na forma\u00e7\u00e3o de profissionais comprometidos com o SUS e a Aten\u00e7\u00e3o Prim\u00e1ria \u00e0 Sa\u00fade, integrando ci\u00eancia, \u00e9tica e humaniza\u00e7\u00e3o para fortalecer o sistema de sa\u00fade e formar sujeitos capazes de mobilizar saberes e pr\u00e1ticas para transformar vidas.<\/p>\n<p>E seus valores est\u00e3o centrados no reconhecimento e defesa do SUS como pol\u00edtica de Estado e da ESF como modelo priorit\u00e1rio de aten\u00e7\u00e3o \u00e0 sa\u00fade; no desenvolvimento da consci\u00eancia cidad\u00e3 e do compromisso \u00e9tico nos trabalhadores da sa\u00fade; no compromisso com a transforma\u00e7\u00e3o da realidade em sa\u00fade, visando ao fortalecimento do SUS e da ESF; no fomento \u00e0s pr\u00e1ticas colaborativas, \u00e0 forma\u00e7\u00e3o e ao trabalho interprofissional; e na promo\u00e7\u00e3o do desenvolvimento e da multiplica\u00e7\u00e3o do conhecimento t\u00e9cnico-cient\u00edfico voltado \u00e0s necessidades loco-regionais.<\/p>\n<p>&nbsp;<\/p>\n<p><span style=\"font-size: 14pt\"><strong>\u00c1rea de concentra\u00e7\u00e3o:<\/strong><\/span><\/p>\n<p>Sa\u00fade da Fam\u00edlia<\/p>\n<p>&nbsp;<\/p>\n<p><span style=\"font-size: 14pt\"><strong>As linhas de pesquisa s\u00e3o as seguintes:<\/strong><\/span><\/p>\n<p><strong>Avalia\u00e7\u00e3o de Pol\u00edticas P\u00fablicas em Aten\u00e7\u00e3o Prim\u00e1ria \u00e0 Sa\u00fade:<\/strong> contempla a produ\u00e7\u00e3o de saberes e pr\u00e1ticas avaliativas destinadas a analisar como pol\u00edticas, programas e modelos interdisciplinares contribuem para a preven\u00e7\u00e3o de doen\u00e7as e a promo\u00e7\u00e3o da sa\u00fade da popula\u00e7\u00e3o, tendo como foco a Aten\u00e7\u00e3o Prim\u00e1ria \u00e0 Sa\u00fade e a Estrat\u00e9gia Sa\u00fade da Fam\u00edlia (APS\/ESF). Integra abordagens interdisciplinares para a an\u00e1lise de processos, resultados, indicadores, resolutividade e\/ou impactos de pol\u00edticas p\u00fablicas e a\u00e7\u00f5es de gest\u00e3o que fortale\u00e7am as pr\u00e1ticas na APS\/ESF.<\/p>\n<p><strong>Diagn\u00f3sticos Locais e Aten\u00e7\u00e3o \u00e0 Sa\u00fade da Fam\u00edlia:<\/strong> contempla a aplica\u00e7\u00e3o de ferramentas anal\u00edticas para identifica\u00e7\u00e3o das necessidades e demandas relacionadas as condi\u00e7\u00f5es de vida e sa\u00fade da popula\u00e7\u00e3o no \u00e2mbito da APS\/ESF. Analisa as pr\u00e1ticas de cuidado e interven\u00e7\u00f5es desenvolvidas, incluindo o uso dos servi\u00e7os, a situa\u00e7\u00e3o de sa\u00fade da comunidade e os determinantes sociais que influenciam o processo de sa\u00fade e doen\u00e7a. Abrange estudos sobre a resolutividade de pr\u00e1ticas de sa\u00fade e o conjunto de conhecimentos envolvidos na formula\u00e7\u00e3o e reorganiza\u00e7\u00e3o dos modelos, tecnologias e pr\u00e1ticas de aten\u00e7\u00e3o \u00e0 sa\u00fade que fortale\u00e7am as pr\u00e1ticas na APS\/ESF.<\/p>\n<p>&nbsp;<\/p>\n<p><span style=\"font-size: 14pt\"><strong>Concep\u00e7\u00e3o Pedag\u00f3gica do Curso<\/strong><\/span><\/p>\n<p>A concep\u00e7\u00e3o pedag\u00f3gica de um curso pode seguir diferentes caminhos: desde uma forma\u00e7\u00e3o focada no treinamento t\u00e9cnico e pontual at\u00e9 um processo que estimule a reflex\u00e3o cr\u00edtica, tendo as pr\u00e1ticas profissionais e seus desafios como refer\u00eancia para transform\u00e1-las. O PPGSF adota essa segunda abordagem, incentivando reflex\u00f5es, a constru\u00e7\u00e3o coletiva do conhecimento e o desenvolvimento de compet\u00eancias para resolver problemas e propor ou adotar pr\u00e1ticas baseadas em evid\u00eancias cient\u00edficas e adequadas tecnologicamente. Essas pr\u00e1ticas orientam a ESF no Mato Grosso do Sul. Voltado aos trabalhadores do SUS, o programa busca alinhar-se ao cotidiano do trabalho e aos modos de pensar e fazer sa\u00fade, promovendo transforma\u00e7\u00f5es concretas na Sa\u00fade da Fam\u00edlia.<\/p>\n<p>Para alcan\u00e7ar tais objetivos, o programa adota metodologias pedag\u00f3gicas dial\u00f3gicas de ensino-aprendizagem, baseadas na premissa de que o estudante \u00e9 um agente ativo no processo de constru\u00e7\u00e3o do conhecimento. O respeito e a valoriza\u00e7\u00e3o dos saberes pr\u00e9vios dos sujeitos constituem princ\u00edpios pedag\u00f3gicos centrais, assim como a utiliza\u00e7\u00e3o dos processos de trabalho reais vivenciados pelos discentes. Nesse contexto, ser\u00e3o aplicadas metodologias ativas de ensino-aprendizagem e utilizados diversos recursos educacionais, tais como mapas conceituais, situa\u00e7\u00f5es-problema, relatos de pr\u00e1tica, exposi\u00e7\u00f5es dialogadas, entre outros.<\/p>\n<p>&nbsp;<\/p>\n<h2><span style=\"font-size: 14pt\"><strong>Planejamento Estrat\u00e9gico<\/strong><\/span><\/h2>\n<h2><a style=\"font-size: 14pt\" href=\"https:\/\/ppgsf.ufms.br\/files\/2024\/10\/PLANEJAMENTO-ESTRATEGICO_PPGSF_2021_2024_versao-final.pdf\"><strong>&gt;&gt;Clique aqui&lt;&lt;&lt;<\/strong><\/a><\/h2>\n<p>&nbsp;<\/p>\n<p>&nbsp;<\/p>\n<p><img decoding=\"async\" class=\"alignleft wp-image-1709 size-medium\" src=\"https:\/\/ppgsf.ufms.br\/files\/2025\/12\/logo-ppgsf-300x139.png\" alt=\"\" width=\"300\" height=\"139\" srcset=\"https:\/\/ppgsf.ufms.br\/files\/2025\/12\/logo-ppgsf-300x139.png 300w, https:\/\/ppgsf.ufms.br\/files\/2025\/12\/logo-ppgsf.png 692w\" sizes=\"(max-width: 300px) 100vw, 300px\" \/>\u00a0 \u00a0 \u00a0 \u00a0 \u00a0 \u00a0 \u00a0 \u00a0 \u00a0 \u00a0 \u00a0 \u00a0 \u00a0 \u00a0 \u00a0 \u00a0 \u00a0 \u00a0 \u00a0 \u00a0 \u00a0 \u00a0 \u00a0 \u00a0 \u00a0 \u00a0 \u00a0 \u00a0 \u00a0 \u00a0 \u00a0 \u00a0 \u00a0 \u00a0 \u00a0 \u00a0 <img decoding=\"async\" class=\"alignright wp-image-1712 \" src=\"https:\/\/ppgsf.ufms.br\/files\/2025\/12\/ufms_logo_positivo_assinatura_vertical_rgb-296x300.png\" alt=\"\" width=\"123\" height=\"125\" srcset=\"https:\/\/ppgsf.ufms.br\/files\/2025\/12\/ufms_logo_positivo_assinatura_vertical_rgb-296x300.png 296w, https:\/\/ppgsf.ufms.br\/files\/2025\/12\/ufms_logo_positivo_assinatura_vertical_rgb-1012x1024.png 1012w, https:\/\/ppgsf.ufms.br\/files\/2025\/12\/ufms_logo_positivo_assinatura_vertical_rgb-768x777.png 768w, https:\/\/ppgsf.ufms.br\/files\/2025\/12\/ufms_logo_positivo_assinatura_vertical_rgb-1518x1536.png 1518w, https:\/\/ppgsf.ufms.br\/files\/2025\/12\/ufms_logo_positivo_assinatura_vertical_rgb-316x320.png 316w, https:\/\/ppgsf.ufms.br\/files\/2025\/12\/ufms_logo_positivo_assinatura_vertical_rgb.png 1596w\" sizes=\"(max-width: 123px) 100vw, 123px\" \/><\/p>\n<p>&nbsp;<\/p>\n<p>&nbsp;<\/p>\n<p>&nbsp;<\/p>\n<p>&nbsp;<\/p>\n<p>&nbsp;","protected":false},"excerpt":{"rendered":"<p>Mestrado Profissional em Sa\u00fade da Fam\u00edlia O curso, com \u00e1rea de concentra\u00e7\u00e3o em Sa\u00fade da Fam\u00edlia, \u00e9 vinculado ao Instituto Integrado de Sa\u00fade (INISA) da Funda\u00e7\u00e3o Universidade Federal de Mato Grosso do Sul, ofertado na modalidade presencial e estruturado segundo um modelo interdisciplinar de ensino, pesquisa e orienta\u00e7\u00e3o. Seu prazo m\u00ednimo de integraliza\u00e7\u00e3o \u00e9 de [&hellip;]<\/p>\n","protected":false},"author":1485,"featured_media":0,"parent":2083,"menu_order":0,"comment_status":"closed","ping_status":"closed","template":"","meta":{"footnotes":""},"coauthors":[8],"class_list":["post-23","page","type-page","status-publish","hentry"],"_links":{"self":[{"href":"https:\/\/ppgsf.ufms.br\/en\/wp-json\/wp\/v2\/pages\/23","targetHints":{"allow":["GET"]}}],"collection":[{"href":"https:\/\/ppgsf.ufms.br\/en\/wp-json\/wp\/v2\/pages"}],"about":[{"href":"https:\/\/ppgsf.ufms.br\/en\/wp-json\/wp\/v2\/types\/page"}],"author":[{"embeddable":true,"href":"https:\/\/ppgsf.ufms.br\/en\/wp-json\/wp\/v2\/users\/1485"}],"replies":[{"embeddable":true,"href":"https:\/\/ppgsf.ufms.br\/en\/wp-json\/wp\/v2\/comments?post=23"}],"version-history":[{"count":25,"href":"https:\/\/ppgsf.ufms.br\/en\/wp-json\/wp\/v2\/pages\/23\/revisions"}],"predecessor-version":[{"id":2210,"href":"https:\/\/ppgsf.ufms.br\/en\/wp-json\/wp\/v2\/pages\/23\/revisions\/2210"}],"up":[{"embeddable":true,"href":"https:\/\/ppgsf.ufms.br\/en\/wp-json\/wp\/v2\/pages\/2083"}],"wp:attachment":[{"href":"https:\/\/ppgsf.ufms.br\/en\/wp-json\/wp\/v2\/media?parent=23"}],"wp:term":[{"taxonomy":"author","embeddable":true,"href":"https:\/\/ppgsf.ufms.br\/en\/wp-json\/wp\/v2\/coauthors?post=23"}],"curies":[{"name":"wp","href":"https:\/\/api.w.org\/{rel}","templated":true}]}}