{"id":242,"date":"2023-03-22T09:35:15","date_gmt":"2023-03-22T13:35:15","guid":{"rendered":"https:\/\/ppgsf.ufms.br\/?page_id=242"},"modified":"2026-05-04T13:19:22","modified_gmt":"2026-05-04T17:19:22","slug":"formularios","status":"publish","type":"page","link":"https:\/\/ppgsf.ufms.br\/en\/formularios\/","title":{"rendered":"Formul\u00e1rios"},"content":{"rendered":"<ul>\n<li><span style=\"font-size: 12pt\"><a href=\"https:\/\/ppgsf.ufms.br\/files\/2023\/06\/Solicitacao-de-Matricula-fora-do-prazo.docx\" target=\"_blank\" rel=\"noopener\">Solicita\u00e7\u00e3o de matr\u00edcula fora de prazo<\/a><\/span><\/li>\n<li><span style=\"font-size: 12pt\"><a href=\"https:\/\/ppgsf.ufms.br\/files\/2023\/03\/PPGSF-Cancelamento-de-matricula-Mestrado-Inisa-1.doc\" target=\"_blank\" rel=\"noopener\">Cancelamento de matr\u00edcula<\/a><\/span><\/li>\n<li><span style=\"font-size: 12pt\"><a href=\"https:\/\/ppgsf.ufms.br\/files\/2023\/12\/Agendamento-de-Qualificacao-e-Defesa.docx\" target=\"_blank\" rel=\"noopener\">Agendamento de Qualifica\u00e7\u00e3o e Defesa<\/a><\/span><\/li>\n<li><span style=\"font-size: 12pt\"><a href=\"https:\/\/ppgsf.ufms.br\/files\/2023\/03\/PPGSF-Solicitacao-Prorrogacao-de-prazo-Mestrado-Inisa.doc\" target=\"_blank\" rel=\"noopener\">Solicita\u00e7\u00e3o de prorroga\u00e7\u00e3o de prazo<\/a><\/span><\/li>\n<li><span style=\"font-size: 12pt\"><a href=\"https:\/\/ppgsf.ufms.br\/files\/2023\/03\/PPGSF-Formulario-Projeto-de-Pesquisa-Mestrado-Inisa.doc\" target=\"_blank\" rel=\"noopener\">Projeto de pesquisa<\/a><\/span><\/li>\n<li><span style=\"font-size: 12pt\"><a href=\"https:\/\/ppgsf.ufms.br\/files\/2023\/03\/PPGSF-Ficha-de-Comparecimento-em-Defesa-Mestrado-Inisa.doc\" target=\"_blank\" rel=\"noopener\">Comparecimento em Defesa<\/a><\/span><\/li>\n<li><span style=\"font-size: 12pt\"><a href=\"https:\/\/ppgsf.ufms.br\/files\/2023\/06\/Inclusao-de-Coorientador.docx\" target=\"_blank\" rel=\"noopener\">Inclus\u00e3o de coorientador<\/a><\/span><\/li>\n<li><a href=\"https:\/\/ppgsf.ufms.br\/files\/2025\/03\/Solicitacao-\u2013-Aproveitamento-de-creditos-novo.docx\"><span style=\"font-size: 12pt\">Aproveitamento de cr\u00e9ditos<\/span><\/a><\/li>\n<li><span style=\"font-size: 12pt\"><a href=\"https:\/\/ppgsf.ufms.br\/files\/2023\/03\/Registro-de-Diploma-Requerimento-de-Urgencia.docx\" target=\"_blank\" rel=\"noopener\">Registro de diploma &#8211; requerimento de urg\u00eancia<\/a><\/span><\/li>\n<li><a href=\"https:\/\/ppgsf.ufms.br\/files\/2026\/03\/Declaracao-de-Comparecimento.docx\"><span style=\"font-size: 12pt\">Declara\u00e7\u00e3o de comparecimento em aula<\/span><\/a><\/li>\n<li><span style=\"font-size: 12pt\"><a href=\"https:\/\/ppgsf.ufms.br\/files\/2023\/08\/Requerimento-Geral.docx\" target=\"_blank\" rel=\"noopener\">Requerimento Geral<\/a><\/span><\/li>\n<li><a href=\"https:\/\/ppgsf.ufms.br\/files\/2025\/06\/PPGSF-TERMO-DE-AUTORIZACAO-PARA-DIVULGACAO-DE-VIDEO-3.doc\"><span style=\"font-size: 12pt\">Termo de autoriza\u00e7\u00e3o para divulga\u00e7\u00e3o de v\u00eddeo e orienta\u00e7\u00f5es para a grava\u00e7\u00e3o<\/span><\/a><\/li>\n<\/ul>","protected":false},"excerpt":{"rendered":"<p>Solicita\u00e7\u00e3o de matr\u00edcula fora de prazo Cancelamento de matr\u00edcula Agendamento de Qualifica\u00e7\u00e3o e Defesa Solicita\u00e7\u00e3o de prorroga\u00e7\u00e3o de prazo Projeto de pesquisa Comparecimento em Defesa Inclus\u00e3o de coorientador Aproveitamento de cr\u00e9ditos Registro de diploma &#8211; requerimento de urg\u00eancia Declara\u00e7\u00e3o de comparecimento em aula Requerimento Geral Termo de autoriza\u00e7\u00e3o para divulga\u00e7\u00e3o de v\u00eddeo e orienta\u00e7\u00f5es para [&hellip;]<\/p>\n","protected":false},"author":1485,"featured_media":0,"parent":0,"menu_order":8,"comment_status":"closed","ping_status":"closed","template":"","meta":{"footnotes":""},"coauthors":[8],"class_list":["post-242","page","type-page","status-publish","hentry"],"_links":{"self":[{"href":"https:\/\/ppgsf.ufms.br\/en\/wp-json\/wp\/v2\/pages\/242","targetHints":{"allow":["GET"]}}],"collection":[{"href":"https:\/\/ppgsf.ufms.br\/en\/wp-json\/wp\/v2\/pages"}],"about":[{"href":"https:\/\/ppgsf.ufms.br\/en\/wp-json\/wp\/v2\/types\/page"}],"author":[{"embeddable":true,"href":"https:\/\/ppgsf.ufms.br\/en\/wp-json\/wp\/v2\/users\/1485"}],"replies":[{"embeddable":true,"href":"https:\/\/ppgsf.ufms.br\/en\/wp-json\/wp\/v2\/comments?post=242"}],"version-history":[{"count":30,"href":"https:\/\/ppgsf.ufms.br\/en\/wp-json\/wp\/v2\/pages\/242\/revisions"}],"predecessor-version":[{"id":2239,"href":"https:\/\/ppgsf.ufms.br\/en\/wp-json\/wp\/v2\/pages\/242\/revisions\/2239"}],"wp:attachment":[{"href":"https:\/\/ppgsf.ufms.br\/en\/wp-json\/wp\/v2\/media?parent=242"}],"wp:term":[{"taxonomy":"author","embeddable":true,"href":"https:\/\/ppgsf.ufms.br\/en\/wp-json\/wp\/v2\/coauthors?post=242"}],"curies":[{"name":"wp","href":"https:\/\/api.w.org\/{rel}","templated":true}]}}