{"id":264,"date":"2023-03-22T15:07:59","date_gmt":"2023-03-22T19:07:59","guid":{"rendered":"https:\/\/ppgsf.ufms.br\/?page_id=264"},"modified":"2026-04-30T14:25:35","modified_gmt":"2026-04-30T18:25:35","slug":"discentes","status":"publish","type":"page","link":"https:\/\/ppgsf.ufms.br\/en\/pessoas__trashed\/discentes\/","title":{"rendered":"Discentes"},"content":{"rendered":"<h2 style=\"padding-left: 40px;text-align: center\"><span style=\"font-size: 14pt\">Desde o ingresso da primeira turma no PPGSF em 2013, o programa j\u00e1 contribuiu com a forma\u00e7\u00e3o de profissionais em mais de 30 munic\u00edpios do Estado, e tamb\u00e9m com alunos do interior do Paran\u00e1 e S\u00e3o Paulo.<\/span><\/h2>\n<p style=\"text-align: center\"><a href=\"https:\/\/ppgsf.ufms.br\/turma-2025\/\"><strong><span style=\"font-size: 24px\">Turma 2025<\/span><\/strong><\/a><\/p>\n<h2 style=\"text-align: center\"><strong><a href=\"https:\/\/ppgsf.ufms.br\/turma-2024\/\">Turma 2024<\/a><\/strong><\/h2>\n<h2 style=\"text-align: center\"><strong><a href=\"https:\/\/ppgsf.ufms.br\/turma-2023\/\" target=\"_blank\" rel=\"noopener\">Turma 2023<\/a><\/strong><\/h2>\n<h2 style=\"text-align: center\"><strong><a href=\"https:\/\/ppgsf.ufms.br\/turma-2022\/\" target=\"_blank\" rel=\"noopener\">Turma 2022<\/a><\/strong><\/h2>\n<h2 style=\"text-align: center\"><strong><a href=\"https:\/\/ppgsf.ufms.br\/turma-2021\/\" target=\"_blank\" rel=\"noopener\">Turma 2021<\/a><\/strong><\/h2>\n<h2 style=\"text-align: center\"><strong><a href=\"https:\/\/ppgsf.ufms.br\/turma-2020\/\" target=\"_blank\" rel=\"noopener\">Turma 2020<\/a><\/strong><\/h2>\n<h2 style=\"text-align: center\"><strong><a href=\"https:\/\/ppgsf.ufms.br\/turma-2019\/\" target=\"_blank\" rel=\"noopener\">Turma 2019<\/a><\/strong><\/h2>\n<h2 style=\"text-align: center\"><strong><a href=\"https:\/\/ppgsf.ufms.br\/turma-2018\/\" target=\"_blank\" rel=\"noopener\">Turma 2018<\/a><\/strong><\/h2>\n<h2 style=\"text-align: center\"><strong><a href=\"https:\/\/ppgsf.ufms.br\/turma-2017\/\" target=\"_blank\" rel=\"noopener\">Turma 2017<\/a><\/strong><\/h2>\n<h2 style=\"text-align: center\"><strong><a href=\"https:\/\/ppgsf.ufms.br\/turma-2016\/\" target=\"_blank\" rel=\"noopener\">Turma 2016<\/a><\/strong><\/h2>\n<h2 style=\"text-align: center\"><strong><a href=\"https:\/\/ppgsf.ufms.br\/turma-2015\/\" target=\"_blank\" rel=\"noopener\">Turma 2015<\/a><\/strong><\/h2>\n<h2 style=\"text-align: center\"><strong><a href=\"https:\/\/ppgsf.ufms.br\/turma-2014\/\" target=\"_blank\" rel=\"noopener\">Turma 2014<\/a><\/strong><\/h2>\n<h2 style=\"text-align: center\"><strong><a href=\"https:\/\/ppgsf.ufms.br\/turma-2013\/\" target=\"_blank\" rel=\"noopener\">Turma 2013<\/a><\/strong><\/h2>","protected":false},"excerpt":{"rendered":"<p>Desde o ingresso da primeira turma no PPGSF em 2013, o programa j\u00e1 contribuiu com a forma\u00e7\u00e3o de profissionais em mais de 30 munic\u00edpios do Estado, e tamb\u00e9m com alunos do interior do Paran\u00e1 e S\u00e3o Paulo. Turma 2025 Turma 2024 Turma 2023 Turma 2022 Turma 2021 Turma 2020 Turma 2019 Turma 2018 Turma 2017 [&hellip;]<\/p>\n","protected":false},"author":1485,"featured_media":0,"parent":2063,"menu_order":0,"comment_status":"closed","ping_status":"closed","template":"","meta":{"footnotes":""},"coauthors":[8],"class_list":["post-264","page","type-page","status-publish","hentry"],"_links":{"self":[{"href":"https:\/\/ppgsf.ufms.br\/en\/wp-json\/wp\/v2\/pages\/264","targetHints":{"allow":["GET"]}}],"collection":[{"href":"https:\/\/ppgsf.ufms.br\/en\/wp-json\/wp\/v2\/pages"}],"about":[{"href":"https:\/\/ppgsf.ufms.br\/en\/wp-json\/wp\/v2\/types\/page"}],"author":[{"embeddable":true,"href":"https:\/\/ppgsf.ufms.br\/en\/wp-json\/wp\/v2\/users\/1485"}],"replies":[{"embeddable":true,"href":"https:\/\/ppgsf.ufms.br\/en\/wp-json\/wp\/v2\/comments?post=264"}],"version-history":[{"count":21,"href":"https:\/\/ppgsf.ufms.br\/en\/wp-json\/wp\/v2\/pages\/264\/revisions"}],"predecessor-version":[{"id":2212,"href":"https:\/\/ppgsf.ufms.br\/en\/wp-json\/wp\/v2\/pages\/264\/revisions\/2212"}],"up":[{"embeddable":true,"href":"https:\/\/ppgsf.ufms.br\/en\/wp-json\/wp\/v2\/pages\/2063"}],"wp:attachment":[{"href":"https:\/\/ppgsf.ufms.br\/en\/wp-json\/wp\/v2\/media?parent=264"}],"wp:term":[{"taxonomy":"author","embeddable":true,"href":"https:\/\/ppgsf.ufms.br\/en\/wp-json\/wp\/v2\/coauthors?post=264"}],"curies":[{"name":"wp","href":"https:\/\/api.w.org\/{rel}","templated":true}]}}