{"id":27,"date":"2023-03-21T14:16:30","date_gmt":"2023-03-21T18:16:30","guid":{"rendered":"https:\/\/ppgsf.ufms.br\/?page_id=27"},"modified":"2026-04-30T14:25:27","modified_gmt":"2026-04-30T18:25:27","slug":"colegiado-de-curso","status":"publish","type":"page","link":"https:\/\/ppgsf.ufms.br\/en\/pessoas__trashed\/colegiado-de-curso\/","title":{"rendered":"Colegiado de Curso"},"content":{"rendered":"<p><strong>Membros:<\/strong><\/p>\n<p>Priscila Maria Marcheti Fiorin (Presidente)<\/p>\n<p>Adriane Pires Batiston (Docente)<\/p>\n<p>Andreia Insabralde de Queiroz Cardoso (Docente)<\/p>\n<p>Bruna Paola Murino Rafacho (Docente)<\/p>\n<p>Thays de Deus Sobreira (Discente)<\/p>\n<p><a href=\"https:\/\/ppgsf.ufms.br\/files\/2025\/06\/PORTARIA__INISA__n_37__de_03_06_2025.-1.pdf\"><strong>Portaria n\u00ba 37-INISA\/UFMS, de 3 de junho de 2025.<\/strong><\/a><\/p>\n<p>&nbsp;<\/p>\n<p><a href=\"https:\/\/ppgsf.ufms.br\/files\/2026\/03\/RESOLUCAO-CPOS-SFM_INISA-n-554-de-09-12-2025.pdf\"><strong>Calend\u00e1rio de Reuni\u00f5es 2026<\/strong><\/a><\/p>\n<p><a href=\"https:\/\/ppgsf.ufms.br\/files\/2024\/12\/RESOLUCAO-CPOS-SFM_INISA-n-478-de-03-12-2024.pdf\"><strong>Calend\u00e1rio de Reuni\u00f5es 2025<\/strong><\/a><\/p>\n<p>&nbsp;<\/p>\n","protected":false},"excerpt":{"rendered":"<p>Membros: Priscila Maria Marcheti Fiorin (Presidente) Adriane Pires Batiston (Docente) Andreia Insabralde de Queiroz Cardoso (Docente) Bruna Paola Murino Rafacho (Docente) Thays de Deus Sobreira (Discente) Portaria n\u00ba 37-INISA\/UFMS, de 3 de junho de 2025. &nbsp; Calend\u00e1rio de Reuni\u00f5es 2026 Calend\u00e1rio de Reuni\u00f5es 2025 &nbsp;<\/p>\n","protected":false},"author":1485,"featured_media":0,"parent":2063,"menu_order":2,"comment_status":"closed","ping_status":"closed","template":"","meta":{"footnotes":""},"coauthors":[8],"class_list":["post-27","page","type-page","status-publish","hentry"],"_links":{"self":[{"href":"https:\/\/ppgsf.ufms.br\/en\/wp-json\/wp\/v2\/pages\/27","targetHints":{"allow":["GET"]}}],"collection":[{"href":"https:\/\/ppgsf.ufms.br\/en\/wp-json\/wp\/v2\/pages"}],"about":[{"href":"https:\/\/ppgsf.ufms.br\/en\/wp-json\/wp\/v2\/types\/page"}],"author":[{"embeddable":true,"href":"https:\/\/ppgsf.ufms.br\/en\/wp-json\/wp\/v2\/users\/1485"}],"replies":[{"embeddable":true,"href":"https:\/\/ppgsf.ufms.br\/en\/wp-json\/wp\/v2\/comments?post=27"}],"version-history":[{"count":18,"href":"https:\/\/ppgsf.ufms.br\/en\/wp-json\/wp\/v2\/pages\/27\/revisions"}],"predecessor-version":[{"id":1878,"href":"https:\/\/ppgsf.ufms.br\/en\/wp-json\/wp\/v2\/pages\/27\/revisions\/1878"}],"up":[{"embeddable":true,"href":"https:\/\/ppgsf.ufms.br\/en\/wp-json\/wp\/v2\/pages\/2063"}],"wp:attachment":[{"href":"https:\/\/ppgsf.ufms.br\/en\/wp-json\/wp\/v2\/media?parent=27"}],"wp:term":[{"taxonomy":"author","embeddable":true,"href":"https:\/\/ppgsf.ufms.br\/en\/wp-json\/wp\/v2\/coauthors?post=27"}],"curies":[{"name":"wp","href":"https:\/\/api.w.org\/{rel}","templated":true}]}}