{"id":51,"date":"2023-03-21T14:56:12","date_gmt":"2023-03-21T18:56:12","guid":{"rendered":"https:\/\/ppgsf.ufms.br\/?page_id=51"},"modified":"2026-04-30T14:25:30","modified_gmt":"2026-04-30T18:25:30","slug":"docentes","status":"publish","type":"page","link":"https:\/\/ppgsf.ufms.br\/en\/pessoas__trashed\/docentes\/","title":{"rendered":"Docentes"},"content":{"rendered":"<strong>LINHA DE PESQUISA 1 \u2013 Avalia\u00e7\u00e3o de Pol\u00edticas P\u00fablicas em Aten\u00e7\u00e3o Prim\u00e1ria \u00e0 Sa\u00fade<\/strong><\/p>\n<p>&nbsp;<\/p>\n<p><img decoding=\"async\" class=\"alignleft wp-image-849 size-thumbnail\" src=\"https:\/\/ppgsf.ufms.br\/files\/2024\/10\/Adriane-150x150.jpg\" alt=\"\" width=\"150\" height=\"150\" \/><\/p>\n<p>&nbsp;<\/p>\n<p><a href=\"http:\/\/lattes.cnpq.br\/8669319432104228\">Dr\u00aa. Adriane Pires Batiston<\/a><\/p>\n<p>Docente Permanente<\/p>\n<p>adriane.batiston@ufms.br<\/p>\n<p>&nbsp;<\/p>\n<p>&nbsp;<\/p>\n<p><img decoding=\"async\" class=\"wp-image-870 size-thumbnail alignleft\" src=\"https:\/\/ppgsf.ufms.br\/files\/2024\/10\/Alessandro-150x150.jpeg\" alt=\"\" width=\"150\" height=\"150\" \/><\/p>\n<p>&nbsp;<\/p>\n<p><a href=\"http:\/\/lattes.cnpq.br\/7680542474755226\">Dr. Alessandro Diogo de Carli<\/a><\/p>\n<p>Docente Permanente<\/p>\n<p>alessandro.carli@ufms.br<\/p>\n<p>&nbsp;<\/p>\n<p>&nbsp;<\/p>\n<p><img decoding=\"async\" class=\"alignleft wp-image-890\" src=\"https:\/\/ppgsf.ufms.br\/files\/2024\/10\/servletrecuperafoto.jpg\" alt=\"\" width=\"149\" height=\"155\" \/><\/p>\n<p>&nbsp;<\/p>\n<p><a href=\"http:\/\/lattes.cnpq.br\/8504201599861332\">Dr\u00aa. Ana Tereza Gomes Guerrero<\/a><\/p>\n<p>Docente Colaborador<\/p>\n<p>ana.guerrero@fiocruz.br<\/p>\n<p>&nbsp;<\/p>\n<p>&nbsp;<\/p>\n<p><img loading=\"lazy\" decoding=\"async\" class=\"alignleft wp-image-860 size-thumbnail\" src=\"https:\/\/ppgsf.ufms.br\/files\/2024\/10\/Andreia-e1727962045747-150x150.gif\" alt=\"\" width=\"150\" height=\"150\" \/><\/p>\n<p>&nbsp;<\/p>\n<p><a href=\"http:\/\/lattes.cnpq.br\/9390172593550736\">Dr\u00aa. Andr\u00e9ia Insabralde de Queiroz Cardoso<\/a><\/p>\n<p>Docente Permanente<\/p>\n<p>andreia.cardoso@ufms.br<\/p>\n<p>&nbsp;<\/p>\n<p>&nbsp;<\/p>\n<p><img loading=\"lazy\" decoding=\"async\" class=\"alignleft wp-image-862 size-thumbnail\" src=\"https:\/\/ppgsf.ufms.br\/files\/2024\/10\/Arthur-150x150.jpg\" alt=\"\" width=\"150\" height=\"150\" \/><\/p>\n<p>&nbsp;<\/p>\n<p><a href=\"http:\/\/lattes.cnpq.br\/4390913887382221\">Dr. Arthur de Almeida Medeiros<\/a><\/p>\n<p>Docente Permanente<\/p>\n<p>arthur.medeiros@ufms.br<\/p>\n<p>&nbsp;<\/p>\n<p>&nbsp;<\/p>\n<p><img loading=\"lazy\" decoding=\"async\" class=\"alignleft wp-image-1600 size-thumbnail\" src=\"https:\/\/ppgsf.ufms.br\/files\/2025\/10\/IMG-20251015-WA0000-150x150.jpg\" alt=\"\" width=\"150\" height=\"150\" srcset=\"https:\/\/ppgsf.ufms.br\/files\/2025\/10\/IMG-20251015-WA0000-150x150.jpg 150w, https:\/\/ppgsf.ufms.br\/files\/2025\/10\/IMG-20251015-WA0000-300x300.jpg 300w, https:\/\/ppgsf.ufms.br\/files\/2025\/10\/IMG-20251015-WA0000-320x320.jpg 320w, https:\/\/ppgsf.ufms.br\/files\/2025\/10\/IMG-20251015-WA0000.jpg 640w\" sizes=\"(max-width: 150px) 100vw, 150px\" \/><\/p>\n<p>&nbsp;<\/p>\n<p><a href=\"http:\/\/lattes.cnpq.br\/2457025855807381\">Dr\u00aa. Mara Lisiane de Moraes dos Santos<\/a><\/p>\n<p>Docente Permanente<\/p>\n<p>mara.santos@ufms.br<\/p>\n<p>&nbsp;<\/p>\n<p>&nbsp;<\/p>\n<p><img loading=\"lazy\" decoding=\"async\" class=\"alignleft wp-image-864 size-thumbnail\" src=\"https:\/\/ppgsf.ufms.br\/files\/2024\/10\/Nathan-150x150.jpg\" alt=\"\" width=\"150\" height=\"150\" \/><\/p>\n<p>&nbsp;<\/p>\n<p><a href=\"http:\/\/lattes.cnpq.br\/4421062652834737\">Dr. Nathan Aratani<\/a><\/p>\n<p>Docente Permanente<\/p>\n<p>nathan.aratani@ufms.br<\/p>\n<p>&nbsp;<\/p>\n<p>&nbsp;<\/p>\n<p><img loading=\"lazy\" decoding=\"async\" class=\"alignleft wp-image-866 size-thumbnail\" src=\"https:\/\/ppgsf.ufms.br\/files\/2024\/10\/Osvaldinete-150x150.jpg\" alt=\"\" width=\"150\" height=\"150\" srcset=\"https:\/\/ppgsf.ufms.br\/files\/2024\/10\/Osvaldinete-150x150.jpg 150w, https:\/\/ppgsf.ufms.br\/files\/2024\/10\/Osvaldinete-300x300.jpg 300w, https:\/\/ppgsf.ufms.br\/files\/2024\/10\/Osvaldinete-768x771.jpg 768w, https:\/\/ppgsf.ufms.br\/files\/2024\/10\/Osvaldinete-319x320.jpg 319w, https:\/\/ppgsf.ufms.br\/files\/2024\/10\/Osvaldinete.jpg 791w\" sizes=\"(max-width: 150px) 100vw, 150px\" \/><\/p>\n<p>&nbsp;<\/p>\n<p><a href=\"http:\/\/lattes.cnpq.br\/7052029098529899\">Dr\u00aa. Osvaldinete Lopes de Oliveira Silva<\/a><\/p>\n<p>Docente Colaborador<\/p>\n<p>osvaldinete.silva@ufms.br<\/p>\n<p>&nbsp;<\/p>\n<p>&nbsp;<\/p>\n<p><img loading=\"lazy\" decoding=\"async\" class=\"alignleft wp-image-876 size-thumbnail\" src=\"https:\/\/ppgsf.ufms.br\/files\/2024\/10\/Rafael-e1727962157482-150x150.gif\" alt=\"\" width=\"150\" height=\"150\" \/><\/p>\n<p>&nbsp;<\/p>\n<p><a href=\"http:\/\/lattes.cnpq.br\/8423268176039658\">Dr. Rafael Aiello Bomfim<\/a><\/p>\n<p>Docente Permanente<\/p>\n<p>rafael.aiello@ufms.br<\/p>\n<p>&nbsp;<\/p>\n<p>&nbsp;<\/p>\n<p><img loading=\"lazy\" decoding=\"async\" class=\"alignleft wp-image-877 size-thumbnail\" src=\"https:\/\/ppgsf.ufms.br\/files\/2024\/10\/Sonia-e1727962247176-150x150.gif\" alt=\"\" width=\"150\" height=\"150\" \/><\/p>\n<p>&nbsp;<\/p>\n<p><a href=\"http:\/\/lattes.cnpq.br\/8419429253159424\">Dr\u00aa. Sonia Maria Oliveira de Andrade<\/a><\/p>\n<p>Docente Permanente<\/p>\n<p>sonia.andrade@ufms.br<\/p>\n<p>&nbsp;<\/p>\n<p>&nbsp;<\/p>\n<p>&nbsp;<\/p>\n<p><strong>LINHA DE PESQUISA 2 \u2013 Diagn\u00f3sticos Locais e Aten\u00e7\u00e3o \u00e0 Sa\u00fade da Fam\u00edlia<\/strong><\/p>\n<p>&nbsp;<\/p>\n<p><img loading=\"lazy\" decoding=\"async\" class=\"alignleft wp-image-880 size-thumbnail\" src=\"https:\/\/ppgsf.ufms.br\/files\/2024\/10\/Bianca-150x150.jpg\" alt=\"\" width=\"150\" height=\"150\" \/><\/p>\n<p>&nbsp;<\/p>\n<p><a href=\"http:\/\/lattes.cnpq.br\/3217333020772503\">Dr\u00aa. Bianca Cristina Ciccone Giacon Arruda<\/a><\/p>\n<p>Docente Permanente<\/p>\n<p>bianca.giacon@ufms.br<\/p>\n<p>&nbsp;<\/p>\n<p>&nbsp;<\/p>\n<p><img loading=\"lazy\" decoding=\"async\" class=\"alignleft wp-image-881 size-thumbnail\" src=\"https:\/\/ppgsf.ufms.br\/files\/2024\/10\/Bruna-150x150.jpg\" alt=\"\" width=\"150\" height=\"150\" \/><\/p>\n<p>&nbsp;<\/p>\n<p><a href=\"http:\/\/lattes.cnpq.br\/8360749016922924\">Dr\u00aa. Bruna Paola Murino Rafacho<\/a><\/p>\n<p>Docente Permanente<\/p>\n<p>bruna.paola@ufms.br<\/p>\n<p>&nbsp;<\/p>\n<p>&nbsp;<\/p>\n<p><img decoding=\"async\" class=\"alignleft wp-image-890\" src=\"https:\/\/ppgsf.ufms.br\/files\/2024\/10\/servletrecuperafoto.jpg\" alt=\"\" width=\"149\" height=\"155\" \/><\/p>\n<p>&nbsp;<\/p>\n<p><a href=\"http:\/\/lattes.cnpq.br\/1755784775614821\">Dr\u00aa. Cacilda Tezelli Junqueira Padovani<\/a><\/p>\n<p>Docente Permanente<\/p>\n<p>cacilda.junqueira@ufms.br<\/p>\n<p>&nbsp;<\/p>\n<p>&nbsp;<\/p>\n<p><img loading=\"lazy\" decoding=\"async\" class=\"wp-image-882 size-thumbnail alignleft\" src=\"https:\/\/ppgsf.ufms.br\/files\/2024\/10\/Camila-e1727962661299-150x150.gif\" alt=\"\" width=\"150\" height=\"150\" \/><\/p>\n<p>&nbsp;<\/p>\n<p><a href=\"http:\/\/lattes.cnpq.br\/9966522246424209\">Dr\u00aa. Camila Medeiros da Silva Mazzeti<\/a><\/p>\n<p>Docente Permanente<\/p>\n<p>camila.mazzeti@ufms.br<\/p>\n<p>&nbsp;<\/p>\n<p>&nbsp;<\/p>\n<p><img loading=\"lazy\" decoding=\"async\" class=\"alignleft wp-image-885 size-thumbnail\" src=\"https:\/\/ppgsf.ufms.br\/files\/2024\/10\/Elenir-e1727962868268-150x150.gif\" alt=\"\" width=\"150\" height=\"150\" srcset=\"https:\/\/ppgsf.ufms.br\/files\/2024\/10\/Elenir-e1727962868268-150x150.gif 150w, https:\/\/ppgsf.ufms.br\/files\/2024\/10\/Elenir-e1727962868268-300x300.gif 300w, https:\/\/ppgsf.ufms.br\/files\/2024\/10\/Elenir-e1727962868268-1022x1024.gif 1022w, https:\/\/ppgsf.ufms.br\/files\/2024\/10\/Elenir-e1727962868268-768x770.gif 768w, https:\/\/ppgsf.ufms.br\/files\/2024\/10\/Elenir-e1727962868268-319x320.gif 319w\" sizes=\"(max-width: 150px) 100vw, 150px\" \/><\/p>\n<p>&nbsp;<\/p>\n<p><a href=\"http:\/\/lattes.cnpq.br\/8971572329625707\">Dr\u00aa. Elenir Rose Jardim Cury<\/a><\/p>\n<p>Docente Colaborador<\/p>\n<p>elenir.cury@ufms.br<\/p>\n<p>&nbsp;<\/p>\n<p>&nbsp;<\/p>\n<p><img loading=\"lazy\" decoding=\"async\" class=\"alignleft wp-image-886 size-thumbnail\" src=\"https:\/\/ppgsf.ufms.br\/files\/2024\/10\/Juliana-150x150.jpg\" alt=\"\" width=\"150\" height=\"150\" srcset=\"https:\/\/ppgsf.ufms.br\/files\/2024\/10\/Juliana-150x150.jpg 150w, https:\/\/ppgsf.ufms.br\/files\/2024\/10\/Juliana-300x298.jpg 300w, https:\/\/ppgsf.ufms.br\/files\/2024\/10\/Juliana-1024x1015.jpg 1024w, https:\/\/ppgsf.ufms.br\/files\/2024\/10\/Juliana-768x762.jpg 768w, https:\/\/ppgsf.ufms.br\/files\/2024\/10\/Juliana-323x320.jpg 323w, https:\/\/ppgsf.ufms.br\/files\/2024\/10\/Juliana.jpg 1080w\" sizes=\"(max-width: 150px) 100vw, 150px\" \/><\/p>\n<p>&nbsp;<\/p>\n<p><a href=\"http:\/\/lattes.cnpq.br\/4940397826682341\">Dr\u00aa. Juliana Arena Galhardo<\/a><\/p>\n<p>Docente Colaborador<\/p>\n<p>juliana.galhardo@ufms.br<\/p>\n<p>&nbsp;<\/p>\n<p>&nbsp;<\/p>\n<p><img loading=\"lazy\" decoding=\"async\" class=\"alignleft wp-image-891 size-thumbnail\" src=\"https:\/\/ppgsf.ufms.br\/files\/2024\/10\/Priscila-150x143.jpg\" alt=\"\" width=\"150\" height=\"143\" \/><\/p>\n<p>&nbsp;<\/p>\n<p><a href=\"http:\/\/lattes.cnpq.br\/1939287613169489\">Dr\u00aa. Priscila Maria Marcheti Fiorin<\/a><\/p>\n<p>Docente Permanente<\/p>\n<p>priscila.marcheti@ufms.br<\/p>\n<p>&nbsp;","protected":false},"excerpt":{"rendered":"<p>LINHA DE PESQUISA 1 \u2013 Avalia\u00e7\u00e3o de Pol\u00edticas P\u00fablicas em Aten\u00e7\u00e3o Prim\u00e1ria \u00e0 Sa\u00fade &nbsp; &nbsp; Dr\u00aa. Adriane Pires Batiston Docente Permanente adriane.batiston@ufms.br &nbsp; &nbsp; &nbsp; Dr. Alessandro Diogo de Carli Docente Permanente alessandro.carli@ufms.br &nbsp; &nbsp; &nbsp; Dr\u00aa. Ana Tereza Gomes Guerrero Docente Colaborador ana.guerrero@fiocruz.br &nbsp; &nbsp; &nbsp; Dr\u00aa. Andr\u00e9ia Insabralde de Queiroz Cardoso Docente [&hellip;]<\/p>\n","protected":false},"author":1485,"featured_media":0,"parent":2063,"menu_order":3,"comment_status":"closed","ping_status":"closed","template":"","meta":{"footnotes":""},"coauthors":[8],"class_list":["post-51","page","type-page","status-publish","hentry"],"_links":{"self":[{"href":"https:\/\/ppgsf.ufms.br\/en\/wp-json\/wp\/v2\/pages\/51","targetHints":{"allow":["GET"]}}],"collection":[{"href":"https:\/\/ppgsf.ufms.br\/en\/wp-json\/wp\/v2\/pages"}],"about":[{"href":"https:\/\/ppgsf.ufms.br\/en\/wp-json\/wp\/v2\/types\/page"}],"author":[{"embeddable":true,"href":"https:\/\/ppgsf.ufms.br\/en\/wp-json\/wp\/v2\/users\/1485"}],"replies":[{"embeddable":true,"href":"https:\/\/ppgsf.ufms.br\/en\/wp-json\/wp\/v2\/comments?post=51"}],"version-history":[{"count":49,"href":"https:\/\/ppgsf.ufms.br\/en\/wp-json\/wp\/v2\/pages\/51\/revisions"}],"predecessor-version":[{"id":2203,"href":"https:\/\/ppgsf.ufms.br\/en\/wp-json\/wp\/v2\/pages\/51\/revisions\/2203"}],"up":[{"embeddable":true,"href":"https:\/\/ppgsf.ufms.br\/en\/wp-json\/wp\/v2\/pages\/2063"}],"wp:attachment":[{"href":"https:\/\/ppgsf.ufms.br\/en\/wp-json\/wp\/v2\/media?parent=51"}],"wp:term":[{"taxonomy":"author","embeddable":true,"href":"https:\/\/ppgsf.ufms.br\/en\/wp-json\/wp\/v2\/coauthors?post=51"}],"curies":[{"name":"wp","href":"https:\/\/api.w.org\/{rel}","templated":true}]}}