{"id":59,"date":"2023-03-21T14:56:57","date_gmt":"2023-03-21T18:56:57","guid":{"rendered":"https:\/\/ppgsf.ufms.br\/?page_id=59"},"modified":"2026-03-24T15:30:28","modified_gmt":"2026-03-24T19:30:28","slug":"turma-2015","status":"publish","type":"page","link":"https:\/\/ppgsf.ufms.br\/en\/pessoas__trashed\/discentes\/turma-2015\/","title":{"rendered":"Turma 2015"},"content":{"rendered":"<p><a href=\"http:\/\/lattes.cnpq.br\/1903025860435996\"><strong>Aline Gangi Turino Battini Basso<\/strong><\/a><\/p>\n<p>Orientadora: Adriane Pires Batiston<\/p>\n<p>&nbsp;<\/p>\n<p><a href=\"http:\/\/lattes.cnpq.br\/4339524560087761\"><strong>Alline Lam Oru\u00e9<\/strong><\/a><\/p>\n<p>Orientadora: Mara Lisiane de Moraes dos Santos<\/p>\n<p>&nbsp;<\/p>\n<p><a href=\"http:\/\/lattes.cnpq.br\/5652422573217500\"><strong>Ana Carolina Ametlla Guimar\u00e3es<\/strong><\/a><\/p>\n<p>Orientador: Alessandro Diogo de Carli<\/p>\n<p>&nbsp;<\/p>\n<p><a href=\"http:\/\/lattes.cnpq.br\/0357867921040363\"><strong>Andr\u00e9 Luiz Botton<\/strong><\/a><\/p>\n<p>Orientador: Alessandro Diogo de Carli<\/p>\n<p>&nbsp;<\/p>\n<p><a href=\"http:\/\/lattes.cnpq.br\/4414996657302567\"><strong>Camila Rodrigues Pacheco<\/strong><\/a><\/p>\n<p>Orientadora: Ana Tereza Gomes Guerrero<\/p>\n<p>&nbsp;<\/p>\n<p><a href=\"http:\/\/lattes.cnpq.br\/6877005347315400\"><strong>C\u00edntia Juliana da Silva Bettio<\/strong><\/a><\/p>\n<p>Orientadora: Adriane Pires Batiston<\/p>\n<p>&nbsp;<\/p>\n<p><a href=\"http:\/\/lattes.cnpq.br\/1363707393815657\"><strong>Dilene Ebeling Vendramini Duran<\/strong><\/a><\/p>\n<p>Orientador: Rivaldo Venancio da Cunha<\/p>\n<p>&nbsp;<\/p>\n<p><a href=\"http:\/\/lattes.cnpq.br\/2254142331622216\"><strong>\u00c9velyn Gon\u00e7alves de Lima Maeda<\/strong><\/a><\/p>\n<p>Orientadora: Ana Rita Barbieri Filgueiras<\/p>\n<p>&nbsp;<\/p>\n<p><a href=\"http:\/\/lattes.cnpq.br\/0621412158902803\"><strong>Geize Rocha Macedo de Souza<\/strong><\/a><\/p>\n<p>Orientadora: Sandra Maria do Valle Leone de Oliveira<\/p>\n<p>&nbsp;<\/p>\n<p><a href=\"http:\/\/lattes.cnpq.br\/6342843089839346\"><strong>Gilvania Ficagna<\/strong><\/a><\/p>\n<p>Orientador: Edson Mamoru Tamaki<\/p>\n<p>&nbsp;<\/p>\n<p><a href=\"http:\/\/lattes.cnpq.br\/4649060883649346\"><strong>Joel Carlos Valcanaia Ferreira<\/strong><\/a><\/p>\n<p>Orientador: Joel Saraiva Ferreira<\/p>\n<p>&nbsp;<\/p>\n<p><a href=\"http:\/\/lattes.cnpq.br\/3230397830274672\"><strong>Silvia de Medeiros Vieira<\/strong><\/a><\/p>\n<p>Orientadora: Sonia Maria Oliveira de Andrade<\/p>\n<p>&nbsp;<\/p>\n<p><a href=\"http:\/\/lattes.cnpq.br\/3900267788169608\"><strong>Tha\u00eds Luzio Fernandes<\/strong><\/a><\/p>\n<p>Orientadora: Luiza Helena de Oliveira Cazola<\/p>\n","protected":false},"excerpt":{"rendered":"<p>Aline Gangi Turino Battini Basso Orientadora: Adriane Pires Batiston &nbsp; Alline Lam Oru\u00e9 Orientadora: Mara Lisiane de Moraes dos Santos &nbsp; Ana Carolina Ametlla Guimar\u00e3es Orientador: Alessandro Diogo de Carli &nbsp; Andr\u00e9 Luiz Botton Orientador: Alessandro Diogo de Carli &nbsp; Camila Rodrigues Pacheco Orientadora: Ana Tereza Gomes Guerrero &nbsp; C\u00edntia Juliana da Silva Bettio Orientadora: [&hellip;]<\/p>\n","protected":false},"author":1485,"featured_media":0,"parent":264,"menu_order":2015,"comment_status":"closed","ping_status":"closed","template":"","meta":{"footnotes":""},"coauthors":[8],"class_list":["post-59","page","type-page","status-publish","hentry"],"_links":{"self":[{"href":"https:\/\/ppgsf.ufms.br\/en\/wp-json\/wp\/v2\/pages\/59","targetHints":{"allow":["GET"]}}],"collection":[{"href":"https:\/\/ppgsf.ufms.br\/en\/wp-json\/wp\/v2\/pages"}],"about":[{"href":"https:\/\/ppgsf.ufms.br\/en\/wp-json\/wp\/v2\/types\/page"}],"author":[{"embeddable":true,"href":"https:\/\/ppgsf.ufms.br\/en\/wp-json\/wp\/v2\/users\/1485"}],"replies":[{"embeddable":true,"href":"https:\/\/ppgsf.ufms.br\/en\/wp-json\/wp\/v2\/comments?post=59"}],"version-history":[{"count":5,"href":"https:\/\/ppgsf.ufms.br\/en\/wp-json\/wp\/v2\/pages\/59\/revisions"}],"predecessor-version":[{"id":720,"href":"https:\/\/ppgsf.ufms.br\/en\/wp-json\/wp\/v2\/pages\/59\/revisions\/720"}],"up":[{"embeddable":true,"href":"https:\/\/ppgsf.ufms.br\/en\/wp-json\/wp\/v2\/pages\/264"}],"wp:attachment":[{"href":"https:\/\/ppgsf.ufms.br\/en\/wp-json\/wp\/v2\/media?parent=59"}],"wp:term":[{"taxonomy":"author","embeddable":true,"href":"https:\/\/ppgsf.ufms.br\/en\/wp-json\/wp\/v2\/coauthors?post=59"}],"curies":[{"name":"wp","href":"https:\/\/api.w.org\/{rel}","templated":true}]}}