{"id":61,"date":"2023-03-21T14:57:14","date_gmt":"2023-03-21T18:57:14","guid":{"rendered":"https:\/\/ppgsf.ufms.br\/?page_id=61"},"modified":"2026-03-24T15:29:51","modified_gmt":"2026-03-24T19:29:51","slug":"turma-2016","status":"publish","type":"page","link":"https:\/\/ppgsf.ufms.br\/en\/pessoas__trashed\/discentes\/turma-2016\/","title":{"rendered":"Turma 2016"},"content":{"rendered":"<p><a href=\"http:\/\/lattes.cnpq.br\/0994930961135162\"><strong>Andreia Cezar de Oliveira<\/strong><\/a><\/p>\n<p>Orientadora: Ana Tereza Gomes Guerrero<\/p>\n<p>&nbsp;<\/p>\n<p><a href=\"http:\/\/lattes.cnpq.br\/2473274288524305\"><strong>Daniele Ferreira de Souza<\/strong><\/a><\/p>\n<p>Orientadora: D\u00e9bora Dupas Gon\u00e7alves do Nascimento<\/p>\n<p>&nbsp;<\/p>\n<p><a href=\"http:\/\/lattes.cnpq.br\/8047243027822065\"><strong>Daniel Magalh\u00e3es Franco<\/strong><\/a><\/p>\n<p>Orientadora: Luiza Helena de Oliveira Cazola<\/p>\n<p>&nbsp;<\/p>\n<p><a href=\"http:\/\/lattes.cnpq.br\/1846939334024462\"><strong>Gabriela da Silva Crespi Alecio<\/strong><\/a><\/p>\n<p>Orientadora: Ana Rita Barbieri Filgueiras<\/p>\n<p>&nbsp;<\/p>\n<p><a href=\"http:\/\/lattes.cnpq.br\/4713023824137092\"><strong>Gl\u00f3ria De Araujo Pereira<\/strong><\/a><\/p>\n<p>Orientadora: Renata Palopoli Picoli<\/p>\n<p>&nbsp;<\/p>\n<p><a href=\"http:\/\/lattes.cnpq.br\/2920150922121600\"><strong>Henrique Vieira Pereira<\/strong><\/a><\/p>\n<p>Orientadora: Maria Elizabeth Araujo Ajalla<\/p>\n<p>&nbsp;<\/p>\n<p><a href=\"http:\/\/lattes.cnpq.br\/3925110334530317\"><strong>Iraj\u00e1 Pinto Gon\u00e7alves<\/strong><\/a><\/p>\n<p>Orientador: Rui Arantes<\/p>\n<p>&nbsp;<\/p>\n<p><a href=\"http:\/\/lattes.cnpq.br\/7424022423792701\"><strong>Isabela Mascaro Martins<\/strong><\/a><\/p>\n<p>Orientador: Alessandro Diogo de Carli<\/p>\n<p>&nbsp;<\/p>\n<p><a href=\"http:\/\/lattes.cnpq.br\/9064755274577536\"><strong>Julio C\u00e9sar de Souza<\/strong><\/a><\/p>\n<p>Orientador: Joel Saraiva Ferreira<\/p>\n<p>&nbsp;<\/p>\n<p><a href=\"http:\/\/lattes.cnpq.br\/3354784596357289\"><strong>Karina Angelica Alvarenga Ribeiro<\/strong><\/a><\/p>\n<p>Orientadora: Maria Celina Piazza Recena<\/p>\n<p>&nbsp;<\/p>\n<p><a href=\"http:\/\/lattes.cnpq.br\/3837974852943624\"><strong>Katiucha Mendes de Menezes<\/strong><\/a><\/p>\n<p>Orientador: Mauricio Antonio Pompilio<\/p>\n<p>&nbsp;<\/p>\n<p><a href=\"http:\/\/lattes.cnpq.br\/9965220164706780\"><strong>Laura Maria Souza de Linhares<\/strong><\/a><\/p>\n<p>Orientadora: Ana Rita Barbieri Filgueiras<\/p>\n<p>&nbsp;<\/p>\n<p><a href=\"http:\/\/lattes.cnpq.br\/7353372850744877\"><strong>Micheli Luize Grenzel<\/strong><\/a><\/p>\n<p>Orientadora: Sandra Maria do Valle Leone de Oliveira<\/p>\n<p>&nbsp;<\/p>\n<p><a href=\"http:\/\/lattes.cnpq.br\/0017137794355761\"><strong>Sandra Cristina de Souza<\/strong><\/a><\/p>\n<p>Orientadora: Sonia Maria Oliveira de Andrade<\/p>\n<p>&nbsp;<\/p>\n<p><a href=\"http:\/\/lattes.cnpq.br\/2997545499534748\"><strong>Wuendel Corsino de Souza<\/strong><\/a><\/p>\n<p>Orientadora: Renata Palopoli Picoli<\/p>\n","protected":false},"excerpt":{"rendered":"<p>Andreia Cezar de Oliveira Orientadora: Ana Tereza Gomes Guerrero &nbsp; Daniele Ferreira de Souza Orientadora: D\u00e9bora Dupas Gon\u00e7alves do Nascimento &nbsp; Daniel Magalh\u00e3es Franco Orientadora: Luiza Helena de Oliveira Cazola &nbsp; Gabriela da Silva Crespi Alecio Orientadora: Ana Rita Barbieri Filgueiras &nbsp; Gl\u00f3ria De Araujo Pereira Orientadora: Renata Palopoli Picoli &nbsp; Henrique Vieira Pereira Orientadora: [&hellip;]<\/p>\n","protected":false},"author":1485,"featured_media":0,"parent":264,"menu_order":2016,"comment_status":"closed","ping_status":"closed","template":"","meta":{"footnotes":""},"coauthors":[8],"class_list":["post-61","page","type-page","status-publish","hentry"],"_links":{"self":[{"href":"https:\/\/ppgsf.ufms.br\/en\/wp-json\/wp\/v2\/pages\/61","targetHints":{"allow":["GET"]}}],"collection":[{"href":"https:\/\/ppgsf.ufms.br\/en\/wp-json\/wp\/v2\/pages"}],"about":[{"href":"https:\/\/ppgsf.ufms.br\/en\/wp-json\/wp\/v2\/types\/page"}],"author":[{"embeddable":true,"href":"https:\/\/ppgsf.ufms.br\/en\/wp-json\/wp\/v2\/users\/1485"}],"replies":[{"embeddable":true,"href":"https:\/\/ppgsf.ufms.br\/en\/wp-json\/wp\/v2\/comments?post=61"}],"version-history":[{"count":4,"href":"https:\/\/ppgsf.ufms.br\/en\/wp-json\/wp\/v2\/pages\/61\/revisions"}],"predecessor-version":[{"id":717,"href":"https:\/\/ppgsf.ufms.br\/en\/wp-json\/wp\/v2\/pages\/61\/revisions\/717"}],"up":[{"embeddable":true,"href":"https:\/\/ppgsf.ufms.br\/en\/wp-json\/wp\/v2\/pages\/264"}],"wp:attachment":[{"href":"https:\/\/ppgsf.ufms.br\/en\/wp-json\/wp\/v2\/media?parent=61"}],"wp:term":[{"taxonomy":"author","embeddable":true,"href":"https:\/\/ppgsf.ufms.br\/en\/wp-json\/wp\/v2\/coauthors?post=61"}],"curies":[{"name":"wp","href":"https:\/\/api.w.org\/{rel}","templated":true}]}}