{"id":63,"date":"2023-03-21T14:57:26","date_gmt":"2023-03-21T18:57:26","guid":{"rendered":"https:\/\/ppgsf.ufms.br\/?page_id=63"},"modified":"2026-03-24T15:29:55","modified_gmt":"2026-03-24T19:29:55","slug":"turma-2017","status":"publish","type":"page","link":"https:\/\/ppgsf.ufms.br\/en\/pessoas__trashed\/discentes\/turma-2017\/","title":{"rendered":"Turma 2017"},"content":{"rendered":"<p><a href=\"http:\/\/lattes.cnpq.br\/5413058216742370\"><strong>Ang\u00e9lica Fernanda Saraiva Campos<\/strong><\/a><\/p>\n<p>Orientadora: Ana Rita Barbieri Filgueiras<\/p>\n<p>&nbsp;<\/p>\n<p><a href=\"http:\/\/lattes.cnpq.br\/3923905552299007\"><strong>B\u00e1rbara Toledo Machado de Morais<\/strong><\/a><\/p>\n<p>Orientadora: Ana Tereza Gomes Guerrero<\/p>\n<p>&nbsp;<\/p>\n<p><a href=\"http:\/\/lattes.cnpq.br\/5617537080610281\"><strong>D\u00e9borah Gomes de Miranda Vargas<\/strong><\/a><\/p>\n<p>Orientador: Alessandro Diogo de Carli<\/p>\n<p>&nbsp;<\/p>\n<p><a href=\"http:\/\/lattes.cnpq.br\/0621295457956254\"><strong>Erica Carolina Bento Garfinho da Rocha<\/strong><\/a><\/p>\n<p>Orientadora: Sandra Maria do Valle Leone de Oliveira<\/p>\n<p>&nbsp;<\/p>\n<p><a href=\"http:\/\/lattes.cnpq.br\/2094106609629741\"><strong>Halex Mairton Barbosa Gomes e Silva<\/strong><\/a><\/p>\n<p>Orientador: Alessandro Diogo de Carli<\/p>\n<p>&nbsp;<\/p>\n<p><a href=\"http:\/\/lattes.cnpq.br\/6040920546096155\"><strong>Ilma Amaral Piemonte de Mello<\/strong><\/a><\/p>\n<p>Orientadora: Luiza Helena de Oliveira Cazola<\/p>\n<p>&nbsp;<\/p>\n<p><a href=\"http:\/\/lattes.cnpq.br\/2224469263553388\"><strong>Luana Viott dos Santos<\/strong><\/a><\/p>\n<p>Orientadora: Adriane Pires Batiston<\/p>\n<p>&nbsp;<\/p>\n<p><a href=\"http:\/\/lattes.cnpq.br\/2180762522029141\"><strong>Marcella Naglis de Oliveira Lima<\/strong><\/a><\/p>\n<p>Orientadora: Maria Elizabeth Araujo Ajalla<\/p>\n<p>&nbsp;<\/p>\n<p><a href=\"http:\/\/lattes.cnpq.br\/5565496353272190\"><strong>Moys\u00e9s Martins Tosta Storti<\/strong><\/a><\/p>\n<p>Orientadora: D\u00e9bora Dupas Gon\u00e7alves do Nascimento<\/p>\n<p>&nbsp;<\/p>\n<p><a href=\"http:\/\/lattes.cnpq.br\/1001461453191503\"><strong>Nadieli Leite Neto de Alvarenga<\/strong><\/a><\/p>\n<p>Orientador: Edson Mamoru Tamaki<\/p>\n<p>&nbsp;<\/p>\n<p><a href=\"http:\/\/lattes.cnpq.br\/8239320807547468\"><strong>Patricia Nantes Monteiro<\/strong><\/a><\/p>\n<p>Orientadora: Renata Palopoli Picoli<\/p>\n<p>&nbsp;<\/p>\n<p><a href=\"http:\/\/lattes.cnpq.br\/4885036259173883\"><strong>Tatianne dos Santos Perez Both<\/strong><\/a><\/p>\n<p>Orientadora: Adriane Pires Batiston<\/p>\n<p>&nbsp;<\/p>\n<p><a href=\"http:\/\/lattes.cnpq.br\/1633412107112873\"><strong>Zilda Alves de Souza<\/strong><\/a><\/p>\n<p>Orientadora: Cacilda Tezelli Junqueira Padovani<\/p>\n","protected":false},"excerpt":{"rendered":"<p>Ang\u00e9lica Fernanda Saraiva Campos Orientadora: Ana Rita Barbieri Filgueiras &nbsp; B\u00e1rbara Toledo Machado de Morais Orientadora: Ana Tereza Gomes Guerrero &nbsp; D\u00e9borah Gomes de Miranda Vargas Orientador: Alessandro Diogo de Carli &nbsp; Erica Carolina Bento Garfinho da Rocha Orientadora: Sandra Maria do Valle Leone de Oliveira &nbsp; Halex Mairton Barbosa Gomes e Silva Orientador: Alessandro [&hellip;]<\/p>\n","protected":false},"author":1485,"featured_media":0,"parent":264,"menu_order":2017,"comment_status":"closed","ping_status":"closed","template":"","meta":{"footnotes":""},"coauthors":[8],"class_list":["post-63","page","type-page","status-publish","hentry"],"_links":{"self":[{"href":"https:\/\/ppgsf.ufms.br\/en\/wp-json\/wp\/v2\/pages\/63","targetHints":{"allow":["GET"]}}],"collection":[{"href":"https:\/\/ppgsf.ufms.br\/en\/wp-json\/wp\/v2\/pages"}],"about":[{"href":"https:\/\/ppgsf.ufms.br\/en\/wp-json\/wp\/v2\/types\/page"}],"author":[{"embeddable":true,"href":"https:\/\/ppgsf.ufms.br\/en\/wp-json\/wp\/v2\/users\/1485"}],"replies":[{"embeddable":true,"href":"https:\/\/ppgsf.ufms.br\/en\/wp-json\/wp\/v2\/comments?post=63"}],"version-history":[{"count":4,"href":"https:\/\/ppgsf.ufms.br\/en\/wp-json\/wp\/v2\/pages\/63\/revisions"}],"predecessor-version":[{"id":715,"href":"https:\/\/ppgsf.ufms.br\/en\/wp-json\/wp\/v2\/pages\/63\/revisions\/715"}],"up":[{"embeddable":true,"href":"https:\/\/ppgsf.ufms.br\/en\/wp-json\/wp\/v2\/pages\/264"}],"wp:attachment":[{"href":"https:\/\/ppgsf.ufms.br\/en\/wp-json\/wp\/v2\/media?parent=63"}],"wp:term":[{"taxonomy":"author","embeddable":true,"href":"https:\/\/ppgsf.ufms.br\/en\/wp-json\/wp\/v2\/coauthors?post=63"}],"curies":[{"name":"wp","href":"https:\/\/api.w.org\/{rel}","templated":true}]}}