{"id":703,"date":"2024-09-13T15:05:41","date_gmt":"2024-09-13T19:05:41","guid":{"rendered":"https:\/\/ppgsf.ufms.br\/?page_id=703"},"modified":"2026-04-30T14:25:00","modified_gmt":"2026-04-30T18:25:00","slug":"comissao-de-comunicacao-e-midias-sociais","status":"publish","type":"page","link":"https:\/\/ppgsf.ufms.br\/en\/pessoas__trashed\/comissoes__trashed\/comissao-de-comunicacao-e-midias-sociais\/","title":{"rendered":"Comiss\u00e3o de Comunica\u00e7\u00e3o e M\u00eddias Sociais"},"content":{"rendered":"<p><a href=\"https:\/\/ppgsf.ufms.br\/files\/2024\/09\/RESOLUCAO-CPOS-SFM_INISA-n-453-de-05-09-2024.pdf\">RESOLU\u00c7\u00c3O\u00a0n\u00ba 453-CPOS-SFM\/INISA\/UFMS, DE 5\u00a0DE SETEMBRO DE 2024.<\/a><\/p>\n","protected":false},"excerpt":{"rendered":"<p>RESOLU\u00c7\u00c3O\u00a0n\u00ba 453-CPOS-SFM\/INISA\/UFMS, DE 5\u00a0DE SETEMBRO DE 2024.<\/p>\n","protected":false},"author":34834,"featured_media":0,"parent":2065,"menu_order":0,"comment_status":"closed","ping_status":"closed","template":"","meta":{"footnotes":""},"coauthors":[9],"class_list":["post-703","page","type-page","status-publish","hentry"],"_links":{"self":[{"href":"https:\/\/ppgsf.ufms.br\/en\/wp-json\/wp\/v2\/pages\/703","targetHints":{"allow":["GET"]}}],"collection":[{"href":"https:\/\/ppgsf.ufms.br\/en\/wp-json\/wp\/v2\/pages"}],"about":[{"href":"https:\/\/ppgsf.ufms.br\/en\/wp-json\/wp\/v2\/types\/page"}],"author":[{"embeddable":true,"href":"https:\/\/ppgsf.ufms.br\/en\/wp-json\/wp\/v2\/users\/34834"}],"replies":[{"embeddable":true,"href":"https:\/\/ppgsf.ufms.br\/en\/wp-json\/wp\/v2\/comments?post=703"}],"version-history":[{"count":1,"href":"https:\/\/ppgsf.ufms.br\/en\/wp-json\/wp\/v2\/pages\/703\/revisions"}],"predecessor-version":[{"id":705,"href":"https:\/\/ppgsf.ufms.br\/en\/wp-json\/wp\/v2\/pages\/703\/revisions\/705"}],"up":[{"embeddable":true,"href":"https:\/\/ppgsf.ufms.br\/en\/wp-json\/wp\/v2\/pages\/2065"}],"wp:attachment":[{"href":"https:\/\/ppgsf.ufms.br\/en\/wp-json\/wp\/v2\/media?parent=703"}],"wp:term":[{"taxonomy":"author","embeddable":true,"href":"https:\/\/ppgsf.ufms.br\/en\/wp-json\/wp\/v2\/coauthors?post=703"}],"curies":[{"name":"wp","href":"https:\/\/api.w.org\/{rel}","templated":true}]}}