{"id":75,"date":"2023-03-21T14:58:37","date_gmt":"2023-03-21T18:58:37","guid":{"rendered":"https:\/\/ppgsf.ufms.br\/?page_id=75"},"modified":"2026-03-24T15:30:57","modified_gmt":"2026-03-24T19:30:57","slug":"turma-2023","status":"publish","type":"page","link":"https:\/\/ppgsf.ufms.br\/en\/pessoas__trashed\/discentes\/turma-2023\/","title":{"rendered":"Turma 2023"},"content":{"rendered":"<p><a href=\"http:\/\/lattes.cnpq.br\/6347051897268981\"><strong>Celene Ara\u00fajo da Silva Almeida<\/strong><\/a><\/p>\n<p>Orientadora: Elenir Rose Jardim Cury<\/p>\n<p>&nbsp;<\/p>\n<p><a href=\"http:\/\/lattes.cnpq.br\/4075564471785474\"><strong>Eli Fernanda Brand\u00e3o Lopes<\/strong><\/a><\/p>\n<p>Orientador: Alcindo Antonio Ferla<\/p>\n<p>&nbsp;<\/p>\n<p><a href=\"http:\/\/lattes.cnpq.br\/5112917158218838\"><strong>Fauhber da Silva Cordeiro<\/strong><\/a><\/p>\n<p>Orientadora: Andr\u00e9ia Insabralde de Queiroz Cardoso<\/p>\n<p>&nbsp;<\/p>\n<p><a href=\"http:\/\/lattes.cnpq.br\/6869280597596286\"><strong>Giovanna Campos Santos<\/strong><\/a><\/p>\n<p>Orientadora: Mara Lisiane de Moraes dos Santos<\/p>\n<p>&nbsp;<\/p>\n<p><a href=\"http:\/\/lattes.cnpq.br\/2506181313998505\"><strong>Isadora Santos de Carvalho<\/strong><\/a><\/p>\n<p>Orientador: Nathan Aratani<\/p>\n<p>&nbsp;<\/p>\n<p><a href=\"http:\/\/lattes.cnpq.br\/0502018471248602\"><strong>Lanna Paulla Andrade Melo<\/strong><\/a><\/p>\n<p>Orientadora: Sonia Maria Oliveira de Andrade<\/p>\n<p>&nbsp;<\/p>\n<p><a href=\"http:\/\/lattes.cnpq.br\/7859186853673015\"><strong>Livia Lya Gon\u00e7alves de Souza Rodrigues<\/strong><\/a><\/p>\n<p>Orientadora: Bruna Paola Murino Rafacho<\/p>\n<p>&nbsp;<\/p>\n<p><a href=\"http:\/\/lattes.cnpq.br\/8334423111119391\"><strong>Matheus Silva Casquer<\/strong><\/a><\/p>\n<p>Orientadora: Bianca Cristina Ciccone Giacon Arruda<\/p>\n<p>&nbsp;<\/p>\n<p><a href=\"http:\/\/lattes.cnpq.br\/0313975054357947\"><strong>Mirelli de Sena Xavier<\/strong><\/a><\/p>\n<p>Orientador: Rafael Aiello Bomfim<\/p>\n<p>&nbsp;<\/p>\n<p><a href=\"http:\/\/CV: http:\/\/lattes.cnpq.br\/1091411349345605\"><strong>Renata Midoguti Joia<\/strong><\/a><\/p>\n<p>Orientadora: Camila Medeiros da Silva Mazzeti<\/p>\n<p>&nbsp;<\/p>\n<p><a href=\"http:\/\/lattes.cnpq.br\/3973325744571288\"><strong>Renata Rigatto<\/strong><\/a><\/p>\n<p>Orientadora: Priscila Maria Marcheti Fiorin<\/p>\n<p>&nbsp;<\/p>\n<p><a href=\"http:\/\/lattes.cnpq.br\/3563929547153374\"><strong>Vinicius de Moraes Simi\u00e3o<\/strong><\/a><\/p>\n<p>Orientador: Alessandro Diogo de Carli<\/p>\n","protected":false},"excerpt":{"rendered":"<p>Celene Ara\u00fajo da Silva Almeida Orientadora: Elenir Rose Jardim Cury &nbsp; Eli Fernanda Brand\u00e3o Lopes Orientador: Alcindo Antonio Ferla &nbsp; Fauhber da Silva Cordeiro Orientadora: Andr\u00e9ia Insabralde de Queiroz Cardoso &nbsp; Giovanna Campos Santos Orientadora: Mara Lisiane de Moraes dos Santos &nbsp; Isadora Santos de Carvalho Orientador: Nathan Aratani &nbsp; Lanna Paulla Andrade Melo Orientadora: [&hellip;]<\/p>\n","protected":false},"author":1485,"featured_media":0,"parent":264,"menu_order":2023,"comment_status":"closed","ping_status":"closed","template":"","meta":{"footnotes":""},"coauthors":[8],"class_list":["post-75","page","type-page","status-publish","hentry"],"_links":{"self":[{"href":"https:\/\/ppgsf.ufms.br\/en\/wp-json\/wp\/v2\/pages\/75","targetHints":{"allow":["GET"]}}],"collection":[{"href":"https:\/\/ppgsf.ufms.br\/en\/wp-json\/wp\/v2\/pages"}],"about":[{"href":"https:\/\/ppgsf.ufms.br\/en\/wp-json\/wp\/v2\/types\/page"}],"author":[{"embeddable":true,"href":"https:\/\/ppgsf.ufms.br\/en\/wp-json\/wp\/v2\/users\/1485"}],"replies":[{"embeddable":true,"href":"https:\/\/ppgsf.ufms.br\/en\/wp-json\/wp\/v2\/comments?post=75"}],"version-history":[{"count":7,"href":"https:\/\/ppgsf.ufms.br\/en\/wp-json\/wp\/v2\/pages\/75\/revisions"}],"predecessor-version":[{"id":1526,"href":"https:\/\/ppgsf.ufms.br\/en\/wp-json\/wp\/v2\/pages\/75\/revisions\/1526"}],"up":[{"embeddable":true,"href":"https:\/\/ppgsf.ufms.br\/en\/wp-json\/wp\/v2\/pages\/264"}],"wp:attachment":[{"href":"https:\/\/ppgsf.ufms.br\/en\/wp-json\/wp\/v2\/media?parent=75"}],"wp:term":[{"taxonomy":"author","embeddable":true,"href":"https:\/\/ppgsf.ufms.br\/en\/wp-json\/wp\/v2\/coauthors?post=75"}],"curies":[{"name":"wp","href":"https:\/\/api.w.org\/{rel}","templated":true}]}}