{"id":79,"date":"2023-03-21T14:59:25","date_gmt":"2023-03-21T18:59:25","guid":{"rendered":"https:\/\/ppgsf.ufms.br\/?page_id=79"},"modified":"2026-03-24T15:19:39","modified_gmt":"2026-03-24T19:19:39","slug":"secretaria","status":"publish","type":"page","link":"https:\/\/ppgsf.ufms.br\/en\/pessoas__trashed\/secretaria\/","title":{"rendered":"Secretaria"},"content":{"rendered":"<p>Servidora: Let\u00edcia Yuki Zaha Endo<\/p>\n<p>&nbsp;<\/p>\n<p><strong>Contato secretaria:<\/strong><\/p>\n<p><span class=\"ng-binding\">Telefone: +55 (67) 3345-7356<br \/>\n<\/span><span class=\"ng-binding\">E-mail: ppgsf.inisa@ufms.br<\/span><\/p>\n<p>De segunda a sexta-feira das 7:00 \u00e0s 11:00 e das 13:00 \u00e0s 17:00<\/p>\n<p>&nbsp;<\/p>\n<div class=\"span4\"><strong>Programa de P\u00f3s-Gradua\u00e7\u00e3o em Sa\u00fade da Fam\u00edlia<\/strong><\/div>\n<div class=\"span4\">Instituto Integrado de Sa\u00fade \u2013 Inisa<\/div>\n<div class=\"span4\">Universidade Federal de Mato Grosso do Sul<br \/>\n79070-900 \u2013 Campo Grande, Brasil<\/div>\n","protected":false},"excerpt":{"rendered":"<p>Servidora: Let\u00edcia Yuki Zaha Endo &nbsp; Contato secretaria: Telefone: +55 (67) 3345-7356 E-mail: ppgsf.inisa@ufms.br De segunda a sexta-feira das 7:00 \u00e0s 11:00 e das 13:00 \u00e0s 17:00 &nbsp; Programa de P\u00f3s-Gradua\u00e7\u00e3o em Sa\u00fade da Fam\u00edlia Instituto Integrado de Sa\u00fade \u2013 Inisa Universidade Federal de Mato Grosso do Sul 79070-900 \u2013 Campo Grande, Brasil<\/p>\n","protected":false},"author":1485,"featured_media":0,"parent":2063,"menu_order":7,"comment_status":"closed","ping_status":"closed","template":"","meta":{"footnotes":""},"coauthors":[8],"class_list":["post-79","page","type-page","status-publish","hentry"],"_links":{"self":[{"href":"https:\/\/ppgsf.ufms.br\/en\/wp-json\/wp\/v2\/pages\/79","targetHints":{"allow":["GET"]}}],"collection":[{"href":"https:\/\/ppgsf.ufms.br\/en\/wp-json\/wp\/v2\/pages"}],"about":[{"href":"https:\/\/ppgsf.ufms.br\/en\/wp-json\/wp\/v2\/types\/page"}],"author":[{"embeddable":true,"href":"https:\/\/ppgsf.ufms.br\/en\/wp-json\/wp\/v2\/users\/1485"}],"replies":[{"embeddable":true,"href":"https:\/\/ppgsf.ufms.br\/en\/wp-json\/wp\/v2\/comments?post=79"}],"version-history":[{"count":11,"href":"https:\/\/ppgsf.ufms.br\/en\/wp-json\/wp\/v2\/pages\/79\/revisions"}],"predecessor-version":[{"id":1891,"href":"https:\/\/ppgsf.ufms.br\/en\/wp-json\/wp\/v2\/pages\/79\/revisions\/1891"}],"up":[{"embeddable":true,"href":"https:\/\/ppgsf.ufms.br\/en\/wp-json\/wp\/v2\/pages\/2063"}],"wp:attachment":[{"href":"https:\/\/ppgsf.ufms.br\/en\/wp-json\/wp\/v2\/media?parent=79"}],"wp:term":[{"taxonomy":"author","embeddable":true,"href":"https:\/\/ppgsf.ufms.br\/en\/wp-json\/wp\/v2\/coauthors?post=79"}],"curies":[{"name":"wp","href":"https:\/\/api.w.org\/{rel}","templated":true}]}}