{"id":86,"date":"2023-03-21T15:00:33","date_gmt":"2023-03-21T19:00:33","guid":{"rendered":"https:\/\/ppgsf.ufms.br\/?page_id=86"},"modified":"2026-04-30T14:24:57","modified_gmt":"2026-04-30T18:24:57","slug":"comissao-de-autoavaliacao","status":"publish","type":"page","link":"https:\/\/ppgsf.ufms.br\/en\/pessoas__trashed\/comissoes__trashed\/comissao-de-autoavaliacao\/","title":{"rendered":"Comiss\u00e3o de Autoavalia\u00e7\u00e3o"},"content":{"rendered":"<p><a href=\"https:\/\/boletimoficial.ufms.br\/bse\/publicacao?id=572960\">RESOLU\u00c7\u00c3O N\u00ba 540-CPOS-SFM\/INISA\/UFMS, DE 15 DE SETEMBRO DE 2025.<\/a><\/p>\n","protected":false},"excerpt":{"rendered":"<p>RESOLU\u00c7\u00c3O N\u00ba 540-CPOS-SFM\/INISA\/UFMS, DE 15 DE SETEMBRO DE 2025.<\/p>\n","protected":false},"author":1485,"featured_media":0,"parent":2065,"menu_order":0,"comment_status":"closed","ping_status":"closed","template":"","meta":{"footnotes":""},"coauthors":[8],"class_list":["post-86","page","type-page","status-publish","hentry"],"_links":{"self":[{"href":"https:\/\/ppgsf.ufms.br\/en\/wp-json\/wp\/v2\/pages\/86","targetHints":{"allow":["GET"]}}],"collection":[{"href":"https:\/\/ppgsf.ufms.br\/en\/wp-json\/wp\/v2\/pages"}],"about":[{"href":"https:\/\/ppgsf.ufms.br\/en\/wp-json\/wp\/v2\/types\/page"}],"author":[{"embeddable":true,"href":"https:\/\/ppgsf.ufms.br\/en\/wp-json\/wp\/v2\/users\/1485"}],"replies":[{"embeddable":true,"href":"https:\/\/ppgsf.ufms.br\/en\/wp-json\/wp\/v2\/comments?post=86"}],"version-history":[{"count":4,"href":"https:\/\/ppgsf.ufms.br\/en\/wp-json\/wp\/v2\/pages\/86\/revisions"}],"predecessor-version":[{"id":1623,"href":"https:\/\/ppgsf.ufms.br\/en\/wp-json\/wp\/v2\/pages\/86\/revisions\/1623"}],"up":[{"embeddable":true,"href":"https:\/\/ppgsf.ufms.br\/en\/wp-json\/wp\/v2\/pages\/2065"}],"wp:attachment":[{"href":"https:\/\/ppgsf.ufms.br\/en\/wp-json\/wp\/v2\/media?parent=86"}],"wp:term":[{"taxonomy":"author","embeddable":true,"href":"https:\/\/ppgsf.ufms.br\/en\/wp-json\/wp\/v2\/coauthors?post=86"}],"curies":[{"name":"wp","href":"https:\/\/api.w.org\/{rel}","templated":true}]}}