{"id":929,"date":"2024-10-28T16:13:05","date_gmt":"2024-10-28T20:13:05","guid":{"rendered":"https:\/\/ppgsf.ufms.br\/?page_id=929"},"modified":"2026-04-30T14:26:04","modified_gmt":"2026-04-30T18:26:04","slug":"produtos-tecnicos","status":"publish","type":"page","link":"https:\/\/ppgsf.ufms.br\/en\/producoes__trashed\/produtos-tecnicos\/","title":{"rendered":"Produtos T\u00e9cnicos"},"content":{"rendered":"<blockquote class=\"wp-embedded-content\" data-secret=\"SprSJSblZS\"><p><a href=\"https:\/\/ppgsf.ufms.br\/produtos-tecnicos\/avaliacao-de-politicas-publicas-em-atencao-primaria-a-saude\/\">Avalia\u00e7\u00e3o de Pol\u00edticas P\u00fablicas em Aten\u00e7\u00e3o Prim\u00e1ria \u00e0 Sa\u00fade<\/a><\/p><\/blockquote>\n<p><iframe class=\"wp-embedded-content\" sandbox=\"allow-scripts\" security=\"restricted\" style=\"position: absolute; visibility: hidden;\" title=\"&#8220;Avalia\u00e7\u00e3o de Pol\u00edticas P\u00fablicas em Aten\u00e7\u00e3o Prim\u00e1ria \u00e0 Sa\u00fade&#8221; &#8212; PPGSF - UFMS\" src=\"https:\/\/ppgsf.ufms.br\/produtos-tecnicos\/avaliacao-de-politicas-publicas-em-atencao-primaria-a-saude\/embed\/#?secret=fTm582rLI6#?secret=SprSJSblZS\" data-secret=\"SprSJSblZS\" width=\"500\" height=\"282\" frameborder=\"0\" marginwidth=\"0\" marginheight=\"0\" scrolling=\"no\"><\/iframe><\/p>\n<blockquote class=\"wp-embedded-content\" data-secret=\"K4kWHKJope\"><p><a href=\"https:\/\/ppgsf.ufms.br\/produtos-tecnicos\/diagnosticos-locais-e-atencao-a-saude-da-familia\/\">Diagn\u00f3sticos Locais e Aten\u00e7\u00e3o \u00e0 Sa\u00fade da Fam\u00edlia<\/a><\/p><\/blockquote>\n<p><iframe class=\"wp-embedded-content\" sandbox=\"allow-scripts\" security=\"restricted\" style=\"position: absolute; visibility: hidden;\" title=\"&#8220;Diagn\u00f3sticos Locais e Aten\u00e7\u00e3o \u00e0 Sa\u00fade da Fam\u00edlia&#8221; &#8212; PPGSF - UFMS\" src=\"https:\/\/ppgsf.ufms.br\/produtos-tecnicos\/diagnosticos-locais-e-atencao-a-saude-da-familia\/embed\/#?secret=1j2UHFOwLD#?secret=K4kWHKJope\" data-secret=\"K4kWHKJope\" width=\"500\" height=\"282\" frameborder=\"0\" marginwidth=\"0\" marginheight=\"0\" scrolling=\"no\"><\/iframe><\/p>\n","protected":false},"excerpt":{"rendered":"<p>Avalia\u00e7\u00e3o de Pol\u00edticas P\u00fablicas em Aten\u00e7\u00e3o Prim\u00e1ria \u00e0 Sa\u00fade Diagn\u00f3sticos Locais e Aten\u00e7\u00e3o \u00e0 Sa\u00fade da Fam\u00edlia<\/p>\n","protected":false},"author":34834,"featured_media":0,"parent":2052,"menu_order":0,"comment_status":"closed","ping_status":"closed","template":"","meta":{"footnotes":""},"coauthors":[9],"class_list":["post-929","page","type-page","status-publish","hentry"],"_links":{"self":[{"href":"https:\/\/ppgsf.ufms.br\/en\/wp-json\/wp\/v2\/pages\/929","targetHints":{"allow":["GET"]}}],"collection":[{"href":"https:\/\/ppgsf.ufms.br\/en\/wp-json\/wp\/v2\/pages"}],"about":[{"href":"https:\/\/ppgsf.ufms.br\/en\/wp-json\/wp\/v2\/types\/page"}],"author":[{"embeddable":true,"href":"https:\/\/ppgsf.ufms.br\/en\/wp-json\/wp\/v2\/users\/34834"}],"replies":[{"embeddable":true,"href":"https:\/\/ppgsf.ufms.br\/en\/wp-json\/wp\/v2\/comments?post=929"}],"version-history":[{"count":3,"href":"https:\/\/ppgsf.ufms.br\/en\/wp-json\/wp\/v2\/pages\/929\/revisions"}],"predecessor-version":[{"id":1315,"href":"https:\/\/ppgsf.ufms.br\/en\/wp-json\/wp\/v2\/pages\/929\/revisions\/1315"}],"up":[{"embeddable":true,"href":"https:\/\/ppgsf.ufms.br\/en\/wp-json\/wp\/v2\/pages\/2052"}],"wp:attachment":[{"href":"https:\/\/ppgsf.ufms.br\/en\/wp-json\/wp\/v2\/media?parent=929"}],"wp:term":[{"taxonomy":"author","embeddable":true,"href":"https:\/\/ppgsf.ufms.br\/en\/wp-json\/wp\/v2\/coauthors?post=929"}],"curies":[{"name":"wp","href":"https:\/\/api.w.org\/{rel}","templated":true}]}}