{"id":934,"date":"2024-10-30T14:21:21","date_gmt":"2024-10-30T18:21:21","guid":{"rendered":"https:\/\/ppgsf.ufms.br\/?page_id=934"},"modified":"2026-04-30T14:24:43","modified_gmt":"2026-04-30T18:24:43","slug":"avaliacao-de-politicas-publicas-em-atencao-primaria-a-saude","status":"publish","type":"page","link":"https:\/\/ppgsf.ufms.br\/en\/producoes__trashed\/produtos-tecnicos\/avaliacao-de-politicas-publicas-em-atencao-primaria-a-saude\/","title":{"rendered":"Avalia\u00e7\u00e3o de Pol\u00edticas P\u00fablicas em Aten\u00e7\u00e3o Prim\u00e1ria \u00e0 Sa\u00fade"},"content":{"rendered":"<ul>\n<li><span style=\"font-size: 12pt\"><strong><span style=\"font-family: georgia, palatino, serif\"><a href=\"https:\/\/ppgsf.ufms.br\/files\/2025\/03\/manual-odonto-do-software-de-saude-bucal-do-ms-sbms.pdf\">Manual de uso do software de sa\u00fade bucal do Mato Grosso do Sul (SBMS) para levantamentos epidemiol\u00f3gicos e avalia\u00e7\u00f5es socioecon\u00f4micas \/ Manual of use of the oral health software of Mato Grosso do Sul (SBMS) for epidemiological surveys and socioeconomic assessments.<\/a><\/span><\/strong><\/span><\/li>\n<li><span style=\"font-size: 12pt\"><strong><span style=\"font-family: georgia, palatino, serif\"><a href=\"https:\/\/ppgsf.ufms.br\/files\/2025\/03\/Guia-de-Prescricao.pdf\">Guia de prescri\u00e7\u00e3o segura de medicamentos &#8211; Medica\u00e7\u00e3o sem dano ao paciente.<\/a><\/span><\/strong><\/span><\/li>\n<li><span style=\"font-size: 12pt\"><strong><span style=\"font-family: georgia, palatino, serif\"><a href=\"https:\/\/ppgsf.ufms.br\/files\/2025\/03\/Guia-de-Acesso-a-Medicamentos.pdf\">Guia de acesso aos medicamentos &#8211; Medica\u00e7\u00e3o sem dano ao paciente.<\/a><\/span><\/strong><\/span><\/li>\n<li><span style=\"font-size: 12pt\"><strong><span style=\"font-family: georgia, palatino, serif\"><a href=\"https:\/\/www.youtube.com\/watch?v=C-FvnFpRjoM\">10 Minutinhos D\u2019Agente &#8211; 25\u00ba Ep. Capacitismo<\/a><\/span><\/strong><\/span><\/li>\n<li><span style=\"font-size: 12pt\"><strong><span style=\"font-family: georgia, palatino, serif\"><a href=\"https:\/\/www.youtube.com\/live\/d5p_QQg3D-I\">Me Conta, Brasil &#8211; Viver Sem Limite (Epis\u00f3dio 5)<\/a><\/span><\/strong><\/span><\/li>\n<li><span style=\"font-size: 12pt\"><strong><span style=\"font-family: georgia, palatino, serif\"><a href=\"https:\/\/open.spotify.com\/episode\/1bFnfdiSMZrQPhLZfPFDBH?si=zovkLqhCQvqgsp1PcqMfPw&amp;nd=1&amp;dlsi=3e37626e728d4377\">Direitos da pessoa com defici\u00eancia no SUS.<\/a><\/span><\/strong><\/span><\/li>\n<li><span style=\"font-size: 12pt\"><strong><span style=\"font-family: georgia, palatino, serif\"><a href=\"https:\/\/ppgsf.ufms.br\/files\/2025\/03\/diagnostico-da-rede-de-atencao-a-saude-bucal-e-recomendacoes-p_OxHDs75-1.pdf\">Diagn\u00f3stico da Rede de Aten\u00e7\u00e3o \u00e0 Sa\u00fade Bucal e recomenda\u00e7\u00f5es para a linha de cuidado do c\u00e2ncer de boca.<\/a><\/span><\/strong><\/span><\/li>\n<li><span style=\"font-size: 12pt\"><strong><span style=\"font-family: georgia, palatino, serif\"><a href=\"https:\/\/ppgsf.ufms.br\/files\/2025\/03\/Cordel_ACS.pdf\">Guia para o cuidado \u00e0 sa\u00fade das pessoas com defici\u00eancia.<\/a><\/span><\/strong><\/span><\/li>\n<li><span style=\"font-size: 12pt\"><strong><span style=\"font-family: georgia, palatino, serif\"><a href=\"https:\/\/ppgsf.ufms.br\/files\/2025\/03\/fundamentos-do-letramento-em-saude-e-seus-aspectos-na-saude-publica.pdf\">Fundamentos do letramento em sa\u00fade e seus aspectos na sa\u00fade p\u00fablica.<\/a><\/span><\/strong><\/span><\/li>\n<li><span style=\"font-size: 12pt\"><strong><span style=\"font-family: georgia, palatino, serif\"><a href=\"https:\/\/ppgsf.ufms.br\/files\/2025\/05\/Livro-final-2025-1.pdf\">A pesquisa cient\u00edfica em sa\u00fade: concep\u00e7\u00e3o, execu\u00e7\u00e3o e apresenta\u00e7\u00e3o.<\/a><\/span><\/strong><\/span><\/li>\n<li><span style=\"font-size: 12pt\"><strong><span style=\"font-family: georgia, palatino, serif\"><a href=\"https:\/\/ppgsf.ufms.br\/files\/2025\/12\/policy-brief_fronteiras.pdf\">Indicadores de sa\u00fade bucal na Aten\u00e7\u00e3o Prim\u00e1ria \u00e0 Sa\u00fade em munic\u00edpios de linha de fronteira comparados aos demais munic\u00edpios dos estados fronteiri\u00e7os<\/a><\/span><\/strong><\/span><\/li>\n<\/ul>","protected":false},"excerpt":{"rendered":"<p>Manual de uso do software de sa\u00fade bucal do Mato Grosso do Sul (SBMS) para levantamentos epidemiol\u00f3gicos e avalia\u00e7\u00f5es socioecon\u00f4micas \/ Manual of use of the oral health software of Mato Grosso do Sul (SBMS) for epidemiological surveys and socioeconomic assessments. Guia de prescri\u00e7\u00e3o segura de medicamentos &#8211; Medica\u00e7\u00e3o sem dano ao paciente. Guia de [&hellip;]<\/p>\n","protected":false},"author":34834,"featured_media":0,"parent":929,"menu_order":0,"comment_status":"closed","ping_status":"closed","template":"","meta":{"footnotes":""},"coauthors":[9],"class_list":["post-934","page","type-page","status-publish","hentry"],"_links":{"self":[{"href":"https:\/\/ppgsf.ufms.br\/en\/wp-json\/wp\/v2\/pages\/934","targetHints":{"allow":["GET"]}}],"collection":[{"href":"https:\/\/ppgsf.ufms.br\/en\/wp-json\/wp\/v2\/pages"}],"about":[{"href":"https:\/\/ppgsf.ufms.br\/en\/wp-json\/wp\/v2\/types\/page"}],"author":[{"embeddable":true,"href":"https:\/\/ppgsf.ufms.br\/en\/wp-json\/wp\/v2\/users\/34834"}],"replies":[{"embeddable":true,"href":"https:\/\/ppgsf.ufms.br\/en\/wp-json\/wp\/v2\/comments?post=934"}],"version-history":[{"count":21,"href":"https:\/\/ppgsf.ufms.br\/en\/wp-json\/wp\/v2\/pages\/934\/revisions"}],"predecessor-version":[{"id":2200,"href":"https:\/\/ppgsf.ufms.br\/en\/wp-json\/wp\/v2\/pages\/934\/revisions\/2200"}],"up":[{"embeddable":true,"href":"https:\/\/ppgsf.ufms.br\/en\/wp-json\/wp\/v2\/pages\/929"}],"wp:attachment":[{"href":"https:\/\/ppgsf.ufms.br\/en\/wp-json\/wp\/v2\/media?parent=934"}],"wp:term":[{"taxonomy":"author","embeddable":true,"href":"https:\/\/ppgsf.ufms.br\/en\/wp-json\/wp\/v2\/coauthors?post=934"}],"curies":[{"name":"wp","href":"https:\/\/api.w.org\/{rel}","templated":true}]}}