{"id":936,"date":"2024-10-30T14:22:24","date_gmt":"2024-10-30T18:22:24","guid":{"rendered":"https:\/\/ppgsf.ufms.br\/?page_id=936"},"modified":"2026-04-30T14:24:49","modified_gmt":"2026-04-30T18:24:49","slug":"diagnosticos-locais-e-atencao-a-saude-da-familia","status":"publish","type":"page","link":"https:\/\/ppgsf.ufms.br\/en\/producoes__trashed\/produtos-tecnicos\/diagnosticos-locais-e-atencao-a-saude-da-familia\/","title":{"rendered":"Diagn\u00f3sticos Locais e Aten\u00e7\u00e3o \u00e0 Sa\u00fade da Fam\u00edlia"},"content":{"rendered":"<ul>\n<li><strong><span style=\"font-size: 12pt\"><a href=\"https:\/\/ppgsf.ufms.br\/files\/2025\/03\/Metodos_contraceptivos_disponiveis_no_SUS.pdf\">M\u00e9todos contraceptivos dispon\u00edveis no SUS: preven\u00e7\u00e3o \u00e0 gravidez na adolesc\u00eancia;<\/a><\/span><\/strong><\/li>\n<li><strong><span style=\"font-size: 12pt\"><a href=\"https:\/\/ppgsf.ufms.br\/files\/2025\/03\/INFECCOES_SEXUALMENTE_TRANSMISSIVEIS_IST.pdf\">Infec\u00e7\u00f5es sexualmente transmiss\u00edveis (IST): o HPV, a S\u00edfilis, a Gonorr\u00e9ia e o HIV;<\/a><\/span><\/strong><\/li>\n<li><strong><span style=\"font-size: 12pt\"><a href=\"https:\/\/ppgsf.ufms.br\/files\/2025\/03\/Cartilha-HPV_ACS.pdf\">Cartilha HPV_ACS;<\/a><\/span><\/strong><\/li>\n<li><strong><span style=\"font-size: 12pt\"><a href=\"https:\/\/ppgsf.ufms.br\/files\/2025\/03\/O-cuidado-da-obesidade-sob-a-visao-dos-profissionais-de-saude-da-APS-em-Mato-Grosso-do-Sul_compressed.pdf\">O cuidado da obesidade sob a vis\u00e3o dos profissionais de sa\u00fade da APS em Mato Grosso do Sul;<\/a><\/span><\/strong><\/li>\n<li><strong><span style=\"font-size: 12pt\"><a href=\"https:\/\/open.spotify.com\/show\/3g5HyV3qdH3eB2we8X4B49?si=7635e6d9fe9f46d8&amp;nd=1&amp;dlsi=efcabbb6cc054d58\">Podcast sobre a implementa\u00e7\u00e3o de ferramentas de risco cardiovascular na APS no canal do grupo OCCA (Observat\u00f3rio de Condi\u00e7\u00f5es Cr\u00f4nicas e Alimenta\u00e7\u00e3o no Brasil);<\/a><\/span><\/strong><\/li>\n<li><strong><span style=\"font-size: 12pt\"><a href=\"https:\/\/caminhosparaasaude.saude.ms.gov.br\/app\/index.php\">Ferramentas de risco cardiovascular no webaplicativo criado pelo grupo de pesquisa em parceria com a SES-MS;<\/a><\/span><\/strong><\/li>\n<\/ul>","protected":false},"excerpt":{"rendered":"<p>M\u00e9todos contraceptivos dispon\u00edveis no SUS: preven\u00e7\u00e3o \u00e0 gravidez na adolesc\u00eancia; Infec\u00e7\u00f5es sexualmente transmiss\u00edveis (IST): o HPV, a S\u00edfilis, a Gonorr\u00e9ia e o HIV; Cartilha HPV_ACS; O cuidado da obesidade sob a vis\u00e3o dos profissionais de sa\u00fade da APS em Mato Grosso do Sul; Podcast sobre a implementa\u00e7\u00e3o de ferramentas de risco cardiovascular na APS no [&hellip;]<\/p>\n","protected":false},"author":34834,"featured_media":0,"parent":929,"menu_order":0,"comment_status":"closed","ping_status":"closed","template":"","meta":{"footnotes":""},"coauthors":[9],"class_list":["post-936","page","type-page","status-publish","hentry"],"_links":{"self":[{"href":"https:\/\/ppgsf.ufms.br\/en\/wp-json\/wp\/v2\/pages\/936","targetHints":{"allow":["GET"]}}],"collection":[{"href":"https:\/\/ppgsf.ufms.br\/en\/wp-json\/wp\/v2\/pages"}],"about":[{"href":"https:\/\/ppgsf.ufms.br\/en\/wp-json\/wp\/v2\/types\/page"}],"author":[{"embeddable":true,"href":"https:\/\/ppgsf.ufms.br\/en\/wp-json\/wp\/v2\/users\/34834"}],"replies":[{"embeddable":true,"href":"https:\/\/ppgsf.ufms.br\/en\/wp-json\/wp\/v2\/comments?post=936"}],"version-history":[{"count":9,"href":"https:\/\/ppgsf.ufms.br\/en\/wp-json\/wp\/v2\/pages\/936\/revisions"}],"predecessor-version":[{"id":2199,"href":"https:\/\/ppgsf.ufms.br\/en\/wp-json\/wp\/v2\/pages\/936\/revisions\/2199"}],"up":[{"embeddable":true,"href":"https:\/\/ppgsf.ufms.br\/en\/wp-json\/wp\/v2\/pages\/929"}],"wp:attachment":[{"href":"https:\/\/ppgsf.ufms.br\/en\/wp-json\/wp\/v2\/media?parent=936"}],"wp:term":[{"taxonomy":"author","embeddable":true,"href":"https:\/\/ppgsf.ufms.br\/en\/wp-json\/wp\/v2\/coauthors?post=936"}],"curies":[{"name":"wp","href":"https:\/\/api.w.org\/{rel}","templated":true}]}}